{"id":9918,"date":"2023-06-29T15:48:08","date_gmt":"2023-06-29T14:48:08","guid":{"rendered":"https:\/\/precigrafik.com\/?page_id=9918"},"modified":"2024-11-19T15:30:48","modified_gmt":"2024-11-19T14:30:48","slug":"business20-contact-us","status":"publish","type":"page","link":"https:\/\/precigrafik.com\/en\/business20-contact-us\/","title":{"rendered":"Business Forms 2.0 Contact us"},"content":{"rendered":"<section class=\"section swatch-white  section-text-no-shadow section-inner-no-shadow section-normal section-opaque\"  data-label=\"\">\r\n    \r\n    <div class=\"background-overlay grid-overlay-0 \" style=\"background-color: rgba(241,241,241,0.9);\"><\/div>\r\n\r\n    <div class=\"container\">\r\n        <div class=\"row vertical-middle\">\r\n            <div class=\"col-md-4     text-left small-screen-center\"  ><div class=\"figure header-logo element-no-top element-no-bottom image-filter-none image-filter-onhover fade-in text-left figcaption-middle normalwidth\" data-os-animation=\"none\" data-os-animation-delay=\"0s\">\r\n            <a href=\"https:\/\/precigrafik.com\/en\/business-forms-20\/\" class=\"figure-image  image-all\" data-links=\"\" target=\"_self\">\r\n    \r\n    <img decoding=\"async\" src=\"https:\/\/precigrafik.com\/wp-content\/uploads\/2020\/01\/Logo_F20_EN-rgb-300x149.png\"   class=\"normalwidth\" \/>    \r\n            <\/a>\r\n    \r\n<\/div><\/div><div class=\"col-md-4     text-center small-screen-default\"  ><div class=\" element-no-top element-no-bottom\" data-os-animation=\"none\" data-os-animation-delay=\"0s\">\r\n    <div style=\"margin-top: 5px;\"><a style=\"color: #00519f;\" href=\"https:\/\/precigrafik.com\/en\/\"><span style=\"font-size: 16px; margin-top: 10px;\">Transactional division of Precigrafik<\/span><\/a><a href=\"https:\/\/precigrafik.com\/en\/\"> \u00a0<img loading=\"lazy\" decoding=\"async\" class=\" wp-image-3756\" src=\"https:\/\/precigrafik.com\/wp-content\/uploads\/2019\/12\/precigrafik_G_rvb.png\" alt=\"\" width=\"22\" height=\"32\" \/><span style=\"font-size: 16px; margin-top: 10px;\">\u00a0<\/span><\/a><\/div>\n<\/div><\/div><div class=\"col-md-4     text-right small-screen-center\"  ><a href=\"https:\/\/precigrafik.com\/en\/business20-contact-us\/\" class=\"btn btn-default   btn-icon-left  element-short-top element-no-bottom btn-custom\" target= \"_self\" data-os-animation=\"none\" data-os-animation-delay=\"0s \" style=\"background:#00519f !important; color:#ffffff !important;\" >\r\n\tContact us! \t\t\t<span> <i class=\"fa fa-phone\"  style=\"color:#ffffff !important;\" ><\/i> <\/span>\r\n\t<\/a>\r\n[vc_raw_html]JTNDZGl2JTIwc3R5bGUlM0QlMjAlMjJtYXJnaW4tYm90dG9tJTNBJTIwMjRweCUzQiUyMiUzRSUzQ2ElMjBzdHlsZSUzRCUyMmZvbnQtc2l6ZSUzQSUyMDE2cHglM0IlMjBjb2xvciUzQSUyMCUyMzAwNTE5ZiUzQiUyMHRleHQtZGVjb3JhdGlvbiUzQSUyMHVuZGVybGluZSUzQiUyMiUyMGhyZWYlM0QlMjJodHRwcyUzQSUyRiUyRnByZWNpZ3JhZmlrLmNvbSUyRmZvcm11bGVzMjAtY29udGFjdCUyRiUyMiUzRUZyYW4lQzMlQTdhaXMlM0MlMkZhJTNFJTNDJTJGZGl2JTNF[\/vc_raw_html]<\/div>        <\/div>\r\n    <\/div>\r\n<\/section><section class=\"section swatch-white  section-text-no-shadow section-inner-no-shadow section-normal section-opaque\"  data-label=\"\">\r\n    \r\n    <div class=\"background-overlay grid-overlay-0 \" style=\"background-color: rgba(0,0,0,0);\"><\/div>\r\n\r\n    <div class=\"container\">\r\n        <div class=\"row vertical-top\">\r\n            <div class=\"col-md-12     text-default small-screen-default\"  ><div class=\"divider-wrapper\" style=\"visibility:hidden;background-color:\">\r\n    <div class=\"visible-xs\" style=\"height:24px;\"><\/div>\r\n    <div class=\"visible-sm\" style=\"height:24px;\"><\/div>\r\n    <div class=\"visible-md\" style=\"height:100px;\"><\/div>\r\n    <div class=\"visible-lg\" style=\"height:100px;\"><\/div>\r\n<\/div><div class=\" element-short-top element-short-bottom\" data-os-animation=\"none\" data-os-animation-delay=\"0s\">\r\n    <h2 style=\"color: #00519f;\">Questions? Need a quote?<\/h2>\n<p>&nbsp;<\/p>\n<p style=\"color: #00519f;\">Fill out the contact form below and one of our representatives will get back to you shortly.<\/p>\n<\/div><\/div><div class=\"col-md-12     text-default small-screen-default\"  style=\"background:#ffffff;\"><div class=\"row \"><div class=\"col-md-6     text-default small-screen-default\"  >\n<div class=\"wpcf7 no-js\" id=\"wpcf7-f10020-o1\" lang=\"fr-CA\" dir=\"ltr\" data-wpcf7-id=\"10020\">\n<div class=\"screen-reader-response\"><p role=\"status\" aria-live=\"polite\" aria-atomic=\"true\"><\/p> <ul><\/ul><\/div>\n<form action=\"\/en\/wp-json\/wp\/v2\/pages\/9918#wpcf7-f10020-o1\" method=\"post\" class=\"wpcf7-form init 6d4ac3f6aa8c cmatic-disconn cmatic-aud-13 cmatic-mapd0-0 cmatic-v0976 cmatic-sent-0 cmatic-total-0\" aria-label=\"Contact form\" novalidate=\"novalidate\" data-status=\"init\">\n<fieldset class=\"hidden-fields-container\"><input type=\"hidden\" name=\"_wpcf7\" value=\"10020\" \/><input type=\"hidden\" name=\"_wpcf7_version\" value=\"6.1.5\" \/><input type=\"hidden\" name=\"_wpcf7_locale\" value=\"fr_CA\" \/><input type=\"hidden\" name=\"_wpcf7_unit_tag\" value=\"wpcf7-f10020-o1\" \/><input type=\"hidden\" name=\"_wpcf7_container_post\" value=\"0\" \/><input type=\"hidden\" name=\"_wpcf7_posted_data_hash\" value=\"\" \/><input type=\"hidden\" name=\"_wpcf7cf_hidden_group_fields\" value=\"[]\" \/><input type=\"hidden\" name=\"_wpcf7cf_hidden_groups\" value=\"[]\" \/><input type=\"hidden\" name=\"_wpcf7cf_visible_groups\" value=\"[]\" \/><input type=\"hidden\" name=\"_wpcf7cf_repeaters\" value=\"[]\" \/><input type=\"hidden\" name=\"_wpcf7cf_steps\" value=\"{}\" \/><input type=\"hidden\" name=\"_wpcf7cf_options\" value=\"{&quot;form_id&quot;:10020,&quot;conditions&quot;:[],&quot;settings&quot;:{&quot;animation&quot;:&quot;yes&quot;,&quot;animation_intime&quot;:200,&quot;animation_outtime&quot;:200,&quot;conditions_ui&quot;:&quot;normal&quot;,&quot;notice_dismissed&quot;:false,&quot;notice_dismissed_rollback-cf7-5.5.6&quot;:true,&quot;notice_dismissed_update-cf7-5.7.3&quot;:true,&quot;notice_dismissed_update-cf7-5.7.6&quot;:true}}\" \/><input type=\"hidden\" name=\"_wpcf7_recaptcha_response\" value=\"\" \/>\n<\/fieldset>\n<div class=\"formules-form\">\n<label>You are?*<\/label>\n<span class=\"wpcf7-form-control-wrap\" data-name=\"your-name\"><input size=\"40\" maxlength=\"400\" class=\"wpcf7-form-control wpcf7-text wpcf7-validates-as-required\" aria-required=\"true\" aria-invalid=\"false\" placeholder=\"First name \/ Last name\" value=\"\" type=\"text\" name=\"your-name\" \/><\/span>\n<label>Which organisation do you represent?<\/label>\n<span class=\"wpcf7-form-control-wrap\" data-name=\"organisation\"><input size=\"40\" maxlength=\"400\" class=\"wpcf7-form-control wpcf7-text wpcf7-validates-as-required\" aria-required=\"true\" aria-invalid=\"false\" placeholder=\"Organisation&#039;s name\" value=\"\" type=\"text\" name=\"organisation\" \/><\/span>\n\n<label>What are your contact info?*<\/label>\n<span class=\"wpcf7-form-control-wrap\" data-name=\"your-email\"><input size=\"40\" maxlength=\"400\" class=\"wpcf7-form-control wpcf7-email wpcf7-validates-as-required wpcf7-text wpcf7-validates-as-email\" aria-required=\"true\" aria-invalid=\"false\" placeholder=\"E-mail\" value=\"\" type=\"email\" name=\"your-email\" \/><\/span>\n<span class=\"wpcf7-form-control-wrap\" data-name=\"your-phone\"><input size=\"40\" maxlength=\"400\" class=\"wpcf7-form-control wpcf7-text\" aria-invalid=\"false\" placeholder=\"Phone number\" value=\"\" type=\"text\" name=\"your-phone\" \/><\/span>\n\n<label>How can Business Forms 2.0 help you?<\/label>\n<span class=\"wpcf7-form-control-wrap\" data-name=\"your-message\"><textarea cols=\"40\" rows=\"10\" maxlength=\"2000\" class=\"wpcf7-form-control wpcf7-textarea\" aria-invalid=\"false\" placeholder=\"Write your message here.\" name=\"your-message\"><\/textarea><\/span>\n\n\n<div class=\"wpcf7-response-output\" aria-hidden=\"true\"><\/div>\n<button id='submit' class='wpcf7-form-control wpcf7-submit preci-btn icon'>Send<svg version=\"1.1\" fill=\"#1E232D\" xmlns=\"http:\/\/www.w3.org\/2000\/svg\" xmlns:xlink=\"http:\/\/www.w3.org\/1999\/xlink\" x=\"0px\" y=\"0px\" viewBox=\"0 0 24 20\" style=\"enable-background:new 0 0 24 20;\" xml:space=\"preserve\">\n                   <polygon class=\"st0\" points=\"12.6,18.6 14,20 24,10 14,0 12.6,1.4 20.2,9 0,9 0,11 20.2,11 \"><\/polygon>\n                   <\/svg><\/button>\n<div class=\"wpcf7-submit sending-message\" style=\"display:none;text-align:center;padding:10px;\">Sending in progress, please wait.<\/div>\n<\/div>\n\n<script type=\"text\/javascript\">\njQuery('.wpcf7-submit').on('click',function(){\njQuery('.wpcf7-submit').hide();\njQuery('.sending-message').show();\n});\n\ndocument.addEventListener( 'wpcf7mailsent', function( event ) {\n    location.href=\"\/merci-livre\";\n    jQuery('.wpcf7-submit').hide();\n}, false );\n<\/script>\n<\/form>\n<\/div>\n<\/div><div class=\"col-md-6     text-default small-screen-default\"  ><\/div><\/div><div class=\"divider-wrapper\" style=\"visibility:hidden;background-color:\">\r\n    <div class=\"visible-xs\" style=\"height:24px;\"><\/div>\r\n    <div class=\"visible-sm\" style=\"height:24px;\"><\/div>\r\n    <div class=\"visible-md\" style=\"height:100px;\"><\/div>\r\n    <div class=\"visible-lg\" style=\"height:100px;\"><\/div>\r\n<\/div><div class=\"row \"><div class=\"col-md-6     text-default small-screen-default\"  ><div class=\" element-short-top element-short-bottom\" data-os-animation=\"none\" data-os-animation-delay=\"0s\">\r\n    <div style=\"color: #00519f;\">\n<h2>Directory<\/h2>\n<hr \/>\n<p><strong>Audrey Par\u00e9<\/strong><\/p>\n<p>1 800 363-9688 p.303<\/p>\n<p><a style=\"color: #00519f;\" href=\"mailto:apare@formules20.com\">apare@formules20.com<\/a><\/p>\n<p>&nbsp;<\/p>\n<p><strong>Lyne Neveu<\/strong><\/p>\n<p>1 800 363-9688<\/p>\n<p><a style=\"color: #00519f;\" href=\"mailto:lneveu@formules20.com\">lneveu@formules20.com<\/a><\/p>\n<\/div>\n<\/div><\/div><div class=\"col-md-6     text-default small-screen-default\"  ><div class=\" element-short-top element-short-bottom\" data-os-animation=\"none\" data-os-animation-delay=\"0s\">\r\n    <div style=\"color: #00519f;\">\n<h2>Address<\/h2>\n<hr \/>\n<p><strong>Business Forms 2.0<\/strong><\/p>\n<p>4545 boulevard of Portland<\/p>\n<p>Sherbrooke, Quebec<\/p>\n<p>Canada<\/p>\n<p>J1L 0J1<\/p>\n<p><a style=\"color: #00519f;\" href=\"mailto:Info@formules20.com\">Info@formules20.com<\/a><\/p>\n<\/div>\n<\/div><\/div><\/div><div class=\"divider-wrapper\" style=\"visibility:hidden;background-color:\">\r\n    <div class=\"visible-xs\" style=\"height:24px;\"><\/div>\r\n    <div class=\"visible-sm\" style=\"height:24px;\"><\/div>\r\n    <div class=\"visible-md\" style=\"height:100px;\"><\/div>\r\n    <div class=\"visible-lg\" style=\"height:100px;\"><\/div>\r\n<\/div><\/div>        <\/div>\r\n    <\/div>\r\n<\/section><section class=\"section swatch-white-black white-text section-text-no-shadow section-inner-no-shadow section-normal section-opaque\"  data-label=\"\">\r\n            <div class=\"background-media\" style=\"background-image: url('https:\/\/precigrafik.com\/wp-content\/uploads\/2019\/11\/img_ecolo.jpg'); background-repeat:no-repeat; background-size:cover; background-attachment:no-scroll; background-position: 50% 0%;\" >\r\n                    <\/div>\r\n    \r\n    <div class=\"background-overlay grid-overlay-0 \" style=\"background-color: rgba(0,0,0,0);\"><\/div>\r\n\r\n    <div class=\"container\">\r\n        <div class=\"row vertical-top\">\r\n            <div class=\"col-md-12     text-center small-screen-default\"  ><div class=\" element-short-top element-short-bottom\" data-os-animation=\"none\" data-os-animation-delay=\"0s\">\r\n    <p>By working with us, you add the value of sustainability to your prints! <a href=\"https:\/\/precigrafik.com\/en\/ecoleader\/\" target=\"_blank\" rel=\"noopener\">Learn more.<\/a><\/p>\n<\/div><\/div>        <\/div>\r\n    <\/div>\r\n<\/section><section class=\"section swatch-white  section-text-no-shadow section-inner-no-shadow section-normal section-opaque\"  data-label=\"\">\r\n    \r\n    <div class=\"background-overlay grid-overlay-0 \" style=\"background-color: rgba(0,0,0,0);\"><\/div>\r\n\r\n    <div class=\"container\">\r\n        <div class=\"row vertical-top\">\r\n            <div class=\"col-md-12     text-default small-screen-default\"  ><div class=\"divider-wrapper\" style=\"visibility:hidden;background-color:\">\r\n    <div class=\"visible-xs\" style=\"height:24px;\"><\/div>\r\n    <div class=\"visible-sm\" style=\"height:24px;\"><\/div>\r\n    <div class=\"visible-md\" style=\"height:24px;\"><\/div>\r\n    <div class=\"visible-lg\" style=\"height:24px;\"><\/div>\r\n<\/div><div class=\"row \"><div class=\"col-md-4     text-left small-screen-center\"  ><div class=\"figure  element-short-top element-no-bottom image-filter-none image-filter-onhover fade-in text-center figcaption-middle normalwidth\" data-os-animation=\"none\" data-os-animation-delay=\"0s\">\r\n            <span class=\"figure-image\">\r\n    \r\n    <img decoding=\"async\" src=\"https:\/\/precigrafik.com\/wp-content\/uploads\/2023\/06\/Logo_F20_EN-rgb_200px.png\"   class=\"normalwidth\" \/>    \r\n            <\/span>\r\n    \r\n<\/div><div class=\" element-short-top element-short-bottom\" data-os-animation=\"none\" data-os-animation-delay=\"0s\">\r\n    <h5><a style=\"color: #00519f;\" href=\"https:\/\/precigrafik.com\/2023\/02\/13\/certifies-iso-27001\/\">ISO\/IEC 27001:2013 Certified<\/a><\/h5>\n<\/div><\/div><div class=\"col-md-4     text-default small-screen-default\"  ><\/div><div class=\"col-md-4     text-left small-screen-center\"  ><div class=\" element-short-top element-short-bottom\" data-os-animation=\"none\" data-os-animation-delay=\"0s\">\r\n    <h5 style=\"color: #00519f;\">4545 boul. de Portland<br \/>\nSherbrooke, QC<br \/>\nJ1L 0J1<\/h5>\n<h5 style=\"color: #00519f;\"><a style=\"color: #00519f;\" href=\"mailto:info@formules20.com\">info@formules20.com<\/a><br \/>\n1 800 363-9688<\/h5>\n<p><a href=\"https:\/\/www.linkedin.com\/company\/10789483\"><img loading=\"lazy\" decoding=\"async\" class=\"alignnone wp-image-9886\" style=\"margin-top: 10px; margin-right: 10px;\" src=\"https:\/\/precigrafik.com\/wp-content\/uploads\/2023\/06\/linkedin_200X200-150x150.png\" alt=\"linkedin Formules d'Affaires 2.0\" width=\"25\" height=\"25\" srcset=\"https:\/\/precigrafik.com\/wp-content\/uploads\/2023\/06\/linkedin_200X200-150x150.png 150w, https:\/\/precigrafik.com\/wp-content\/uploads\/2023\/06\/linkedin_200X200-100x100.png 100w, https:\/\/precigrafik.com\/wp-content\/uploads\/2023\/06\/linkedin_200X200.png 200w\" sizes=\"auto, (max-width: 25px) 100vw, 25px\" \/><\/a><a href=\"https:\/\/www.facebook.com\/p\/Formules-daffaires-20-100065650652680\/\"><img loading=\"lazy\" decoding=\"async\" class=\"alignnone wp-image-9888\" style=\"margin-top: 10px; margin-left: 10px; margin-right: 10px;\" src=\"https:\/\/precigrafik.com\/wp-content\/uploads\/2023\/06\/facebook_200X200.png\" alt=\"facebook Formules d'Affaires 2.0\" width=\"25\" height=\"25\" srcset=\"https:\/\/precigrafik.com\/wp-content\/uploads\/2023\/06\/facebook_200X200.png 200w, https:\/\/precigrafik.com\/wp-content\/uploads\/2023\/06\/facebook_200X200-150x150.png 150w, https:\/\/precigrafik.com\/wp-content\/uploads\/2023\/06\/facebook_200X200-100x100.png 100w\" sizes=\"auto, (max-width: 25px) 100vw, 25px\" \/><\/a><\/p>\n<\/div><\/div><\/div><div class=\"divider-wrapper\" style=\"visibility:hidden;background-color:\">\r\n    <div class=\"visible-xs\" style=\"height:24px;\"><\/div>\r\n    <div class=\"visible-sm\" style=\"height:24px;\"><\/div>\r\n    <div class=\"visible-md\" style=\"height:24px;\"><\/div>\r\n    <div class=\"visible-lg\" style=\"height:24px;\"><\/div>\r\n<\/div><\/div>        <\/div>\r\n    <\/div>\r\n<\/section>\n","protected":false},"excerpt":{"rendered":"Transactional division of Precigrafik \u00a0\u00a0 Contact us! [vc_raw_html]JTNDZGl2JTIwc3R5bGUlM0QlMjAlMjJtYXJnaW4tYm90dG9tJTNBJTIwMjRweCUzQiUyMiUzRSUzQ2ElMjBzdHlsZSUzRCUyMmZvbnQtc2l6ZSUzQSUyMDE2cHglM0IlMjBjb2xvciUzQSUyMCUyMzAwNTE5ZiUzQiUyMHRleHQtZGVjb3JhdGlvbiUzQSUyMHVuZGVybGluZSUzQiUyMiUyMGhyZWYlM0QlMjJodHRwcyUzQSUyRiUyRnByZWNpZ3JhZmlrLmNvbSUyRmZvcm11bGVzMjAtY29udGFjdCUyRiUyMiUzRUZyYW4lQzMlQTdhaXMlM0MlMkZhJTNFJTNDJTJGZGl2JTNF[\/vc_raw_html] Questions? Need a quote? &nbsp; Fill out the contact form below and one of our representatives will get back to you shortly. You are?* Which organisation do you represent? What are your contact info?* How can Business Forms 2.0 help you? Send Sending in progress, please wait.","protected":false},"author":4,"featured_media":9929,"parent":0,"menu_order":0,"comment_status":"closed","ping_status":"closed","template":"","meta":{"_monsterinsights_skip_tracking":false,"_monsterinsights_sitenote_active":false,"_monsterinsights_sitenote_note":"","_monsterinsights_sitenote_category":0,"footnotes":""},"class_list":["post-9918","page","type-page","status-publish","has-post-thumbnail","hentry"],"yoast_head":"<!-- This site is optimized with the Yoast SEO plugin v27.3 - https:\/\/yoast.com\/product\/yoast-seo-wordpress\/ -->\n<title>Contact us to get a quote<\/title>\n<meta name=\"description\" content=\"You have questions? Fill out the following contact form to obtain a price quote.\" \/>\n<meta name=\"robots\" content=\"noindex, nofollow\" \/>\n<meta property=\"og:locale\" content=\"en_US\" \/>\n<meta property=\"og:type\" content=\"article\" \/>\n<meta property=\"og:title\" content=\"Contact us to get a quote\" \/>\n<meta property=\"og:description\" content=\"You have questions? Fill out the following contact form to obtain a price quote.\" \/>\n<meta property=\"og:url\" content=\"https:\/\/precigrafik.com\/formules20-contact\/\" \/>\n<meta property=\"og:site_name\" content=\"Pr\u00e9cigrafik\" \/>\n<meta property=\"article:publisher\" content=\"https:\/\/www.facebook.com\/Precigrafik\" \/>\n<meta property=\"article:modified_time\" content=\"2024-11-19T14:30:48+00:00\" \/>\n<meta property=\"og:image\" content=\"https:\/\/i0.wp.com\/precigrafik.com\/wp-content\/uploads\/2023\/06\/icone_F20-rgb.jpg?fit=378%2C325&ssl=1\" \/>\n\t<meta property=\"og:image:width\" content=\"378\" \/>\n\t<meta property=\"og:image:height\" content=\"325\" \/>\n\t<meta property=\"og:image:type\" content=\"image\/jpeg\" \/>\n<meta name=\"twitter:card\" content=\"summary_large_image\" \/>\n<meta name=\"twitter:label1\" content=\"Est. reading time\" \/>\n\t<meta name=\"twitter:data1\" content=\"3 minutes\" \/>\n<script type=\"application\/ld+json\" class=\"yoast-schema-graph\">{\"@context\":\"https:\\\/\\\/schema.org\",\"@graph\":[{\"@type\":\"WebPage\",\"@id\":\"https:\\\/\\\/precigrafik.com\\\/formules20-contact\\\/\",\"url\":\"https:\\\/\\\/precigrafik.com\\\/formules20-contact\\\/\",\"name\":\"Contact us to get a quote\",\"isPartOf\":{\"@id\":\"https:\\\/\\\/precigrafik.com\\\/#website\"},\"primaryImageOfPage\":{\"@id\":\"https:\\\/\\\/precigrafik.com\\\/formules20-contact\\\/#primaryimage\"},\"image\":{\"@id\":\"https:\\\/\\\/precigrafik.com\\\/formules20-contact\\\/#primaryimage\"},\"thumbnailUrl\":\"https:\\\/\\\/precigrafik.com\\\/wp-content\\\/uploads\\\/2023\\\/06\\\/icone_F20-rgb.jpg\",\"datePublished\":\"2023-06-29T14:48:08+00:00\",\"dateModified\":\"2024-11-19T14:30:48+00:00\",\"description\":\"You have questions? Fill out the following contact form to obtain a price quote.\",\"breadcrumb\":{\"@id\":\"https:\\\/\\\/precigrafik.com\\\/formules20-contact\\\/#breadcrumb\"},\"inLanguage\":\"en-US\",\"potentialAction\":[{\"@type\":\"ReadAction\",\"target\":[\"https:\\\/\\\/precigrafik.com\\\/formules20-contact\\\/\"]}]},{\"@type\":\"ImageObject\",\"inLanguage\":\"en-US\",\"@id\":\"https:\\\/\\\/precigrafik.com\\\/formules20-contact\\\/#primaryimage\",\"url\":\"https:\\\/\\\/precigrafik.com\\\/wp-content\\\/uploads\\\/2023\\\/06\\\/icone_F20-rgb.jpg\",\"contentUrl\":\"https:\\\/\\\/precigrafik.com\\\/wp-content\\\/uploads\\\/2023\\\/06\\\/icone_F20-rgb.jpg\",\"width\":378,\"height\":325},{\"@type\":\"BreadcrumbList\",\"@id\":\"https:\\\/\\\/precigrafik.com\\\/formules20-contact\\\/#breadcrumb\",\"itemListElement\":[{\"@type\":\"ListItem\",\"position\":1,\"name\":\"Accueil\",\"item\":\"https:\\\/\\\/precigrafik.com\\\/en\\\/\"},{\"@type\":\"ListItem\",\"position\":2,\"name\":\"Business Forms 2.0 Contact us\"}]},{\"@type\":\"WebSite\",\"@id\":\"https:\\\/\\\/precigrafik.com\\\/#website\",\"url\":\"https:\\\/\\\/precigrafik.com\\\/\",\"name\":\"Pr\u00e9cigrafik\",\"description\":\"Strat\u00e9gies Imprim\u00e9es\",\"publisher\":{\"@id\":\"https:\\\/\\\/precigrafik.com\\\/#organization\"},\"potentialAction\":[{\"@type\":\"SearchAction\",\"target\":{\"@type\":\"EntryPoint\",\"urlTemplate\":\"https:\\\/\\\/precigrafik.com\\\/?s={search_term_string}\"},\"query-input\":{\"@type\":\"PropertyValueSpecification\",\"valueRequired\":true,\"valueName\":\"search_term_string\"}}],\"inLanguage\":\"en-US\"},{\"@type\":\"Organization\",\"@id\":\"https:\\\/\\\/precigrafik.com\\\/#organization\",\"name\":\"Pr\u00e9cigrafik\",\"url\":\"https:\\\/\\\/precigrafik.com\\\/\",\"logo\":{\"@type\":\"ImageObject\",\"inLanguage\":\"en-US\",\"@id\":\"https:\\\/\\\/precigrafik.com\\\/#\\\/schema\\\/logo\\\/image\\\/\",\"url\":\"https:\\\/\\\/i1.wp.com\\\/precigrafik.com\\\/wp-content\\\/uploads\\\/2022\\\/01\\\/LogoRVB_blank1000px.png?fit=1000%2C324&ssl=1\",\"contentUrl\":\"https:\\\/\\\/i1.wp.com\\\/precigrafik.com\\\/wp-content\\\/uploads\\\/2022\\\/01\\\/LogoRVB_blank1000px.png?fit=1000%2C324&ssl=1\",\"width\":1000,\"height\":324,\"caption\":\"Pr\u00e9cigrafik\"},\"image\":{\"@id\":\"https:\\\/\\\/precigrafik.com\\\/#\\\/schema\\\/logo\\\/image\\\/\"},\"sameAs\":[\"https:\\\/\\\/www.facebook.com\\\/Precigrafik\",\"https:\\\/\\\/www.instagram.com\\\/precigrafik\\\/\",\"https:\\\/\\\/www.linkedin.com\\\/company\\\/861295\\\/admin\\\/\",\"https:\\\/\\\/www.youtube.com\\\/channel\\\/UCTohA0AYDU_Gb_GB0omuGrg\"]}]}<\/script>\n<!-- \/ Yoast SEO plugin. -->","yoast_head_json":{"title":"Contact us to get a quote","description":"You have questions? Fill out the following contact form to obtain a price quote.","robots":{"index":"noindex","follow":"nofollow"},"og_locale":"en_US","og_type":"article","og_title":"Contact us to get a quote","og_description":"You have questions? Fill out the following contact form to obtain a price quote.","og_url":"https:\/\/precigrafik.com\/formules20-contact\/","og_site_name":"Pr\u00e9cigrafik","article_publisher":"https:\/\/www.facebook.com\/Precigrafik","article_modified_time":"2024-11-19T14:30:48+00:00","og_image":[{"width":378,"height":325,"url":"https:\/\/i0.wp.com\/precigrafik.com\/wp-content\/uploads\/2023\/06\/icone_F20-rgb.jpg?fit=378%2C325&ssl=1","type":"image\/jpeg"}],"twitter_card":"summary_large_image","twitter_misc":{"Est. reading time":"3 minutes"},"schema":{"@context":"https:\/\/schema.org","@graph":[{"@type":"WebPage","@id":"https:\/\/precigrafik.com\/formules20-contact\/","url":"https:\/\/precigrafik.com\/formules20-contact\/","name":"Contact us to get a quote","isPartOf":{"@id":"https:\/\/precigrafik.com\/#website"},"primaryImageOfPage":{"@id":"https:\/\/precigrafik.com\/formules20-contact\/#primaryimage"},"image":{"@id":"https:\/\/precigrafik.com\/formules20-contact\/#primaryimage"},"thumbnailUrl":"https:\/\/precigrafik.com\/wp-content\/uploads\/2023\/06\/icone_F20-rgb.jpg","datePublished":"2023-06-29T14:48:08+00:00","dateModified":"2024-11-19T14:30:48+00:00","description":"You have questions? Fill out the following contact form to obtain a price quote.","breadcrumb":{"@id":"https:\/\/precigrafik.com\/formules20-contact\/#breadcrumb"},"inLanguage":"en-US","potentialAction":[{"@type":"ReadAction","target":["https:\/\/precigrafik.com\/formules20-contact\/"]}]},{"@type":"ImageObject","inLanguage":"en-US","@id":"https:\/\/precigrafik.com\/formules20-contact\/#primaryimage","url":"https:\/\/precigrafik.com\/wp-content\/uploads\/2023\/06\/icone_F20-rgb.jpg","contentUrl":"https:\/\/precigrafik.com\/wp-content\/uploads\/2023\/06\/icone_F20-rgb.jpg","width":378,"height":325},{"@type":"BreadcrumbList","@id":"https:\/\/precigrafik.com\/formules20-contact\/#breadcrumb","itemListElement":[{"@type":"ListItem","position":1,"name":"Accueil","item":"https:\/\/precigrafik.com\/en\/"},{"@type":"ListItem","position":2,"name":"Business Forms 2.0 Contact us"}]},{"@type":"WebSite","@id":"https:\/\/precigrafik.com\/#website","url":"https:\/\/precigrafik.com\/","name":"Pr\u00e9cigrafik","description":"Strat\u00e9gies Imprim\u00e9es","publisher":{"@id":"https:\/\/precigrafik.com\/#organization"},"potentialAction":[{"@type":"SearchAction","target":{"@type":"EntryPoint","urlTemplate":"https:\/\/precigrafik.com\/?s={search_term_string}"},"query-input":{"@type":"PropertyValueSpecification","valueRequired":true,"valueName":"search_term_string"}}],"inLanguage":"en-US"},{"@type":"Organization","@id":"https:\/\/precigrafik.com\/#organization","name":"Pr\u00e9cigrafik","url":"https:\/\/precigrafik.com\/","logo":{"@type":"ImageObject","inLanguage":"en-US","@id":"https:\/\/precigrafik.com\/#\/schema\/logo\/image\/","url":"https:\/\/i1.wp.com\/precigrafik.com\/wp-content\/uploads\/2022\/01\/LogoRVB_blank1000px.png?fit=1000%2C324&ssl=1","contentUrl":"https:\/\/i1.wp.com\/precigrafik.com\/wp-content\/uploads\/2022\/01\/LogoRVB_blank1000px.png?fit=1000%2C324&ssl=1","width":1000,"height":324,"caption":"Pr\u00e9cigrafik"},"image":{"@id":"https:\/\/precigrafik.com\/#\/schema\/logo\/image\/"},"sameAs":["https:\/\/www.facebook.com\/Precigrafik","https:\/\/www.instagram.com\/precigrafik\/","https:\/\/www.linkedin.com\/company\/861295\/admin\/","https:\/\/www.youtube.com\/channel\/UCTohA0AYDU_Gb_GB0omuGrg"]}]}},"_links":{"self":[{"href":"https:\/\/precigrafik.com\/en\/wp-json\/wp\/v2\/pages\/9918","targetHints":{"allow":["GET"]}}],"collection":[{"href":"https:\/\/precigrafik.com\/en\/wp-json\/wp\/v2\/pages"}],"about":[{"href":"https:\/\/precigrafik.com\/en\/wp-json\/wp\/v2\/types\/page"}],"author":[{"embeddable":true,"href":"https:\/\/precigrafik.com\/en\/wp-json\/wp\/v2\/users\/4"}],"replies":[{"embeddable":true,"href":"https:\/\/precigrafik.com\/en\/wp-json\/wp\/v2\/comments?post=9918"}],"version-history":[{"count":16,"href":"https:\/\/precigrafik.com\/en\/wp-json\/wp\/v2\/pages\/9918\/revisions"}],"predecessor-version":[{"id":11650,"href":"https:\/\/precigrafik.com\/en\/wp-json\/wp\/v2\/pages\/9918\/revisions\/11650"}],"wp:featuredmedia":[{"embeddable":true,"href":"https:\/\/precigrafik.com\/en\/wp-json\/wp\/v2\/media\/9929"}],"wp:attachment":[{"href":"https:\/\/precigrafik.com\/en\/wp-json\/wp\/v2\/media?parent=9918"}],"curies":[{"name":"wp","href":"https:\/\/api.w.org\/{rel}","templated":true}]}}