{"id":8514,"date":"2022-06-16T23:29:45","date_gmt":"2022-06-16T22:29:45","guid":{"rendered":"https:\/\/precigrafik.com\/?page_id=8514"},"modified":"2022-06-16T23:30:12","modified_gmt":"2022-06-16T22:30:12","slug":"suspended-or-screwed-signs","status":"publish","type":"page","link":"https:\/\/precigrafik.com\/en\/suspended-or-screwed-signs\/","title":{"rendered":"Suspended or screwed signs"},"content":{"rendered":"<section class=\"section swatch-white  section-text-no-shadow section-inner-no-shadow section-normal section-opaque\"  data-label=\"\">\r\n    \r\n    <div class=\"background-overlay grid-overlay-0 \" style=\"background-color: rgba(235,235,235,1);\"><\/div>\r\n\r\n    <div class=\"container\">\r\n        <div class=\"row vertical-top\">\r\n            <div class=\"col-md-12     text-default small-screen-default\"  ><div class=\"row \"><div class=\"col-md-6     text-default small-screen-default\"  ><div class=\"figure  element-short-top element-short-bottom image-filter-none image-filter-onhover fade-in text-center figcaption-middle fullwidth\" data-os-animation=\"none\" data-os-animation-delay=\"0s\">\r\n            <span class=\"figure-image\">\r\n    \r\n    <img decoding=\"async\" src=\"https:\/\/precigrafik.com\/wp-content\/uploads\/2017\/11\/suspendu.jpg\"   class=\"fullwidth\" \/>    \r\n            <\/span>\r\n    \r\n<\/div><\/div><div class=\"col-md-6     text-default small-screen-default\"  ><div class=\" element-short-top element-short-bottom\" data-os-animation=\"none\" data-os-animation-delay=\"0s\">\r\n    <h3><strong>Suspended or screwed signs<\/strong><\/h3>\n<p>Rigid, robust and stable, our signs can be placed indoors and outdoors (depending on the material used).<\/p>\n<p>Bring your message to life by creating an original print on brushed aluminum, Plexiglas or many other recyclable materials as alternatives to styrene, PVC, foam core and coroplast unrecyclable in Quebec. Different thicknesses are available.<\/p>\n<\/div><\/div><\/div><\/div>        <\/div>\r\n    <\/div>\r\n<\/section><section class=\"section swatch-white  section-text-no-shadow section-inner-no-shadow section-normal section-opaque\"  data-label=\"\">\r\n    \r\n    <div class=\"background-overlay grid-overlay-0 \" style=\"background-color: rgba(235,235,235,1);\"><\/div>\r\n\r\n    <div class=\"container\">\r\n        <div class=\"row vertical-top\">\r\n            <div class=\"col-md-12     text-default small-screen-default\"  ><div class=\"divider-wrapper\" style=\"visibility:hidden;background-color:\">\r\n    <div class=\"visible-xs\" style=\"height:40px;\"><\/div>\r\n    <div class=\"visible-sm\" style=\"height:40px;\"><\/div>\r\n    <div class=\"visible-md\" style=\"height:60px;\"><\/div>\r\n    <div class=\"visible-lg\" style=\"height:24px;\"><\/div>\r\n<\/div><\/div>        <\/div>\r\n    <\/div>\r\n<\/section><section class=\"section swatch-white equal-height section-text-no-shadow section-inner-no-shadow section-normal section-opaque\"  data-label=\"\">\r\n    \r\n    <div class=\"background-overlay grid-overlay-0 \" style=\"background-color: rgba(235,235,235,1);\"><\/div>\r\n\r\n    <div class=\"container\">\r\n        <div class=\"row vertical-top\">\r\n            <div class=\"col-md-3     text-default small-screen-default\"  ><div class=\"figure  element-no-top element-no-bottom image-filter-none image-filter-onhover fade-in text-center figcaption-middle fullwidth\" data-os-animation=\"none\" data-os-animation-delay=\"0s\">\r\n            <span class=\"figure-image\">\r\n    \r\n    <img decoding=\"async\" src=\"https:\/\/precigrafik.com\/wp-content\/uploads\/2017\/11\/enseigne.jpg\"   class=\"fullwidth\" \/>    \r\n            <\/span>\r\n    \r\n<\/div><\/div><div class=\"col-md-3     text-default small-screen-default\"  ><a class=\"preci-btn fullheight dark icon preci-darkblue\" target=\"\" href=\"http:\/\/precigrafik.com\/expertises\/services-creatifs\/conception-graphique\/\"><svg version=\"1.1\" fill=\"#1E232D\" xmlns=\"http:\/\/www.w3.org\/2000\/svg\" xmlns:xlink=\"http:\/\/www.w3.org\/1999\/xlink\" x=\"0px\" y=\"0px\"\n                            viewBox=\"0 0 24 20\" style=\"enable-background:new 0 0 24 20;\" xml:space=\"preserve\">\n                   <polygon class=\"st0\" points=\"12.6,18.6 14,20 24,10 14,0 12.6,1.4 20.2,9 0,9 0,11 20.2,11 \"\/>\n                   <\/svg><span>Let us do the graphic design for you<\/span><\/a><\/div><div class=\"col-md-3     text-default small-screen-default\"  ><div class=\"figure  element-no-top element-no-bottom image-filter-none image-filter-onhover fade-in text-center figcaption-middle fullwidth\" data-os-animation=\"none\" data-os-animation-delay=\"0s\">\r\n            <span class=\"figure-image\">\r\n    \r\n    <img decoding=\"async\" src=\"https:\/\/precigrafik.com\/wp-content\/uploads\/2017\/11\/Les-morisette-banque-scotia.jpg\"   class=\"fullwidth\" \/>    \r\n            <\/span>\r\n    \r\n<\/div><\/div><div class=\"col-md-3     text-default small-screen-default\"  ><a class=\"preci-btn fullheight dark icon preci-darkblue\" target=\"\" href=\"en\/contact-us\/\"><svg version=\"1.1\" fill=\"#1E232D\" xmlns=\"http:\/\/www.w3.org\/2000\/svg\" xmlns:xlink=\"http:\/\/www.w3.org\/1999\/xlink\" x=\"0px\" y=\"0px\"\n                            viewBox=\"0 0 24 20\" style=\"enable-background:new 0 0 24 20;\" xml:space=\"preserve\">\n                   <polygon class=\"st0\" points=\"12.6,18.6 14,20 24,10 14,0 12.6,1.4 20.2,9 0,9 0,11 20.2,11 \"\/>\n                   <\/svg><span>Contact us<\/span><\/a><\/div>        <\/div>\r\n    <\/div>\r\n<\/section>\n","protected":false},"excerpt":{"rendered":"Suspended or screwed signs Rigid, robust and stable, our signs can be placed indoors and outdoors (depending on the material used). Bring your message to life by creating an original print on brushed aluminum, Plexiglas or many other recyclable materials as alternatives to styrene, PVC, foam core and coroplast unrecyclable in Quebec. Different thicknesses are","protected":false},"author":4,"featured_media":0,"parent":0,"menu_order":0,"comment_status":"closed","ping_status":"closed","template":"","meta":{"_monsterinsights_skip_tracking":false,"_monsterinsights_sitenote_active":false,"_monsterinsights_sitenote_note":"","_monsterinsights_sitenote_category":0,"footnotes":""},"class_list":["post-8514","page","type-page","status-publish","hentry"],"yoast_head":"<!-- This site is optimized with the Yoast SEO plugin v27.3 - https:\/\/yoast.com\/product\/yoast-seo-wordpress\/ -->\n<title>Suspended or screwed signs | Pr\u00e9cigrafik<\/title>\n<meta name=\"robots\" content=\"index, follow, max-snippet:-1, max-image-preview:large, max-video-preview:-1\" \/>\n<link rel=\"canonical\" href=\"https:\/\/precigrafik.com\/enseignes-suspendues-vissees\/\" \/>\n<meta property=\"og:locale\" content=\"en_US\" \/>\n<meta property=\"og:type\" content=\"article\" \/>\n<meta property=\"og:title\" content=\"Suspended or screwed signs | Pr\u00e9cigrafik\" \/>\n<meta property=\"og:url\" content=\"https:\/\/precigrafik.com\/enseignes-suspendues-vissees\/\" \/>\n<meta property=\"og:site_name\" content=\"Pr\u00e9cigrafik\" \/>\n<meta property=\"article:publisher\" content=\"https:\/\/www.facebook.com\/Precigrafik\" \/>\n<meta property=\"article:modified_time\" content=\"2022-06-16T22:30:12+00:00\" \/>\n<meta name=\"twitter:card\" content=\"summary_large_image\" \/>\n<meta name=\"twitter:label1\" content=\"Est. reading time\" \/>\n\t<meta name=\"twitter:data1\" content=\"1 minute\" \/>\n<script type=\"application\/ld+json\" class=\"yoast-schema-graph\">{\"@context\":\"https:\\\/\\\/schema.org\",\"@graph\":[{\"@type\":\"WebPage\",\"@id\":\"https:\\\/\\\/precigrafik.com\\\/enseignes-suspendues-vissees\\\/\",\"url\":\"https:\\\/\\\/precigrafik.com\\\/enseignes-suspendues-vissees\\\/\",\"name\":\"Suspended or screwed signs | Pr\u00e9cigrafik\",\"isPartOf\":{\"@id\":\"https:\\\/\\\/precigrafik.com\\\/#website\"},\"datePublished\":\"2022-06-16T22:29:45+00:00\",\"dateModified\":\"2022-06-16T22:30:12+00:00\",\"breadcrumb\":{\"@id\":\"https:\\\/\\\/precigrafik.com\\\/enseignes-suspendues-vissees\\\/#breadcrumb\"},\"inLanguage\":\"en-US\",\"potentialAction\":[{\"@type\":\"ReadAction\",\"target\":[\"https:\\\/\\\/precigrafik.com\\\/enseignes-suspendues-vissees\\\/\"]}]},{\"@type\":\"BreadcrumbList\",\"@id\":\"https:\\\/\\\/precigrafik.com\\\/enseignes-suspendues-vissees\\\/#breadcrumb\",\"itemListElement\":[{\"@type\":\"ListItem\",\"position\":1,\"name\":\"Accueil\",\"item\":\"https:\\\/\\\/precigrafik.com\\\/en\\\/\"},{\"@type\":\"ListItem\",\"position\":2,\"name\":\"Suspended or screwed signs\"}]},{\"@type\":\"WebSite\",\"@id\":\"https:\\\/\\\/precigrafik.com\\\/#website\",\"url\":\"https:\\\/\\\/precigrafik.com\\\/\",\"name\":\"Pr\u00e9cigrafik\",\"description\":\"Strat\u00e9gies Imprim\u00e9es\",\"publisher\":{\"@id\":\"https:\\\/\\\/precigrafik.com\\\/#organization\"},\"potentialAction\":[{\"@type\":\"SearchAction\",\"target\":{\"@type\":\"EntryPoint\",\"urlTemplate\":\"https:\\\/\\\/precigrafik.com\\\/?s={search_term_string}\"},\"query-input\":{\"@type\":\"PropertyValueSpecification\",\"valueRequired\":true,\"valueName\":\"search_term_string\"}}],\"inLanguage\":\"en-US\"},{\"@type\":\"Organization\",\"@id\":\"https:\\\/\\\/precigrafik.com\\\/#organization\",\"name\":\"Pr\u00e9cigrafik\",\"url\":\"https:\\\/\\\/precigrafik.com\\\/\",\"logo\":{\"@type\":\"ImageObject\",\"inLanguage\":\"en-US\",\"@id\":\"https:\\\/\\\/precigrafik.com\\\/#\\\/schema\\\/logo\\\/image\\\/\",\"url\":\"https:\\\/\\\/i1.wp.com\\\/precigrafik.com\\\/wp-content\\\/uploads\\\/2022\\\/01\\\/LogoRVB_blank1000px.png?fit=1000%2C324&ssl=1\",\"contentUrl\":\"https:\\\/\\\/i1.wp.com\\\/precigrafik.com\\\/wp-content\\\/uploads\\\/2022\\\/01\\\/LogoRVB_blank1000px.png?fit=1000%2C324&ssl=1\",\"width\":1000,\"height\":324,\"caption\":\"Pr\u00e9cigrafik\"},\"image\":{\"@id\":\"https:\\\/\\\/precigrafik.com\\\/#\\\/schema\\\/logo\\\/image\\\/\"},\"sameAs\":[\"https:\\\/\\\/www.facebook.com\\\/Precigrafik\",\"https:\\\/\\\/www.instagram.com\\\/precigrafik\\\/\",\"https:\\\/\\\/www.linkedin.com\\\/company\\\/861295\\\/admin\\\/\",\"https:\\\/\\\/www.youtube.com\\\/channel\\\/UCTohA0AYDU_Gb_GB0omuGrg\"]}]}<\/script>\n<!-- \/ Yoast SEO plugin. -->","yoast_head_json":{"title":"Suspended or screwed signs | Pr\u00e9cigrafik","robots":{"index":"index","follow":"follow","max-snippet":"max-snippet:-1","max-image-preview":"max-image-preview:large","max-video-preview":"max-video-preview:-1"},"canonical":"https:\/\/precigrafik.com\/enseignes-suspendues-vissees\/","og_locale":"en_US","og_type":"article","og_title":"Suspended or screwed signs | Pr\u00e9cigrafik","og_url":"https:\/\/precigrafik.com\/enseignes-suspendues-vissees\/","og_site_name":"Pr\u00e9cigrafik","article_publisher":"https:\/\/www.facebook.com\/Precigrafik","article_modified_time":"2022-06-16T22:30:12+00:00","twitter_card":"summary_large_image","twitter_misc":{"Est. reading time":"1 minute"},"schema":{"@context":"https:\/\/schema.org","@graph":[{"@type":"WebPage","@id":"https:\/\/precigrafik.com\/enseignes-suspendues-vissees\/","url":"https:\/\/precigrafik.com\/enseignes-suspendues-vissees\/","name":"Suspended or screwed signs | Pr\u00e9cigrafik","isPartOf":{"@id":"https:\/\/precigrafik.com\/#website"},"datePublished":"2022-06-16T22:29:45+00:00","dateModified":"2022-06-16T22:30:12+00:00","breadcrumb":{"@id":"https:\/\/precigrafik.com\/enseignes-suspendues-vissees\/#breadcrumb"},"inLanguage":"en-US","potentialAction":[{"@type":"ReadAction","target":["https:\/\/precigrafik.com\/enseignes-suspendues-vissees\/"]}]},{"@type":"BreadcrumbList","@id":"https:\/\/precigrafik.com\/enseignes-suspendues-vissees\/#breadcrumb","itemListElement":[{"@type":"ListItem","position":1,"name":"Accueil","item":"https:\/\/precigrafik.com\/en\/"},{"@type":"ListItem","position":2,"name":"Suspended or screwed signs"}]},{"@type":"WebSite","@id":"https:\/\/precigrafik.com\/#website","url":"https:\/\/precigrafik.com\/","name":"Pr\u00e9cigrafik","description":"Strat\u00e9gies Imprim\u00e9es","publisher":{"@id":"https:\/\/precigrafik.com\/#organization"},"potentialAction":[{"@type":"SearchAction","target":{"@type":"EntryPoint","urlTemplate":"https:\/\/precigrafik.com\/?s={search_term_string}"},"query-input":{"@type":"PropertyValueSpecification","valueRequired":true,"valueName":"search_term_string"}}],"inLanguage":"en-US"},{"@type":"Organization","@id":"https:\/\/precigrafik.com\/#organization","name":"Pr\u00e9cigrafik","url":"https:\/\/precigrafik.com\/","logo":{"@type":"ImageObject","inLanguage":"en-US","@id":"https:\/\/precigrafik.com\/#\/schema\/logo\/image\/","url":"https:\/\/i1.wp.com\/precigrafik.com\/wp-content\/uploads\/2022\/01\/LogoRVB_blank1000px.png?fit=1000%2C324&ssl=1","contentUrl":"https:\/\/i1.wp.com\/precigrafik.com\/wp-content\/uploads\/2022\/01\/LogoRVB_blank1000px.png?fit=1000%2C324&ssl=1","width":1000,"height":324,"caption":"Pr\u00e9cigrafik"},"image":{"@id":"https:\/\/precigrafik.com\/#\/schema\/logo\/image\/"},"sameAs":["https:\/\/www.facebook.com\/Precigrafik","https:\/\/www.instagram.com\/precigrafik\/","https:\/\/www.linkedin.com\/company\/861295\/admin\/","https:\/\/www.youtube.com\/channel\/UCTohA0AYDU_Gb_GB0omuGrg"]}]}},"_links":{"self":[{"href":"https:\/\/precigrafik.com\/en\/wp-json\/wp\/v2\/pages\/8514","targetHints":{"allow":["GET"]}}],"collection":[{"href":"https:\/\/precigrafik.com\/en\/wp-json\/wp\/v2\/pages"}],"about":[{"href":"https:\/\/precigrafik.com\/en\/wp-json\/wp\/v2\/types\/page"}],"author":[{"embeddable":true,"href":"https:\/\/precigrafik.com\/en\/wp-json\/wp\/v2\/users\/4"}],"replies":[{"embeddable":true,"href":"https:\/\/precigrafik.com\/en\/wp-json\/wp\/v2\/comments?post=8514"}],"version-history":[{"count":4,"href":"https:\/\/precigrafik.com\/en\/wp-json\/wp\/v2\/pages\/8514\/revisions"}],"predecessor-version":[{"id":8517,"href":"https:\/\/precigrafik.com\/en\/wp-json\/wp\/v2\/pages\/8514\/revisions\/8517"}],"wp:attachment":[{"href":"https:\/\/precigrafik.com\/en\/wp-json\/wp\/v2\/media?parent=8514"}],"curies":[{"name":"wp","href":"https:\/\/api.w.org\/{rel}","templated":true}]}}