{"id":8451,"date":"2022-01-04T18:57:11","date_gmt":"2022-01-04T17:57:11","guid":{"rendered":"https:\/\/precigrafik.com\/trousses-t4-releve-1\/"},"modified":"2025-12-10T17:50:27","modified_gmt":"2025-12-10T22:50:27","slug":"trousses-t4-releve-1","status":"publish","type":"page","link":"https:\/\/precigrafik.com\/en\/trousses-t4-releve-1\/","title":{"rendered":"T4 and Relev\u00e9 1 kits"},"content":{"rendered":"<section class=\"section swatch-white  section-text-no-shadow section-inner-no-shadow section-normal section-opaque\"  data-label=\"\">\r\n    \r\n    <div class=\"background-overlay grid-overlay-0 \" style=\"background-color: rgba(235,235,235,1);\"><\/div>\r\n\r\n    <div class=\"container\">\r\n        <div class=\"row vertical-top\">\r\n            <div class=\"col-md-12     text-default small-screen-default\"  ><div class=\"row \"><div class=\"col-md-6     text-default small-screen-default\"  ><div class=\"figure  element-short-top element-short-bottom image-filter-none image-filter-onhover fade-in text-center figcaption-middle fullwidth\" data-os-animation=\"none\" data-os-animation-delay=\"0s\">\r\n            <a href=\"https:\/\/precigrafik.com\/wp-content\/uploads\/2022\/01\/T4-r1-enveloppe.png\" class=\"figure-image magnific image-all\" data-links=\"\" target=\"_self\">\r\n    \r\n    <img decoding=\"async\" src=\"https:\/\/precigrafik.com\/wp-content\/uploads\/2022\/01\/T4-r1-enveloppe.png\" alt=\"Trousses T4 Relev\u00e91\" title=\"Trousses T4 Relev\u00e91\" class=\"fullwidth\" \/>    \r\n            <\/a>\r\n    \r\n<\/div><\/div><div class=\"col-md-6     text-default small-screen-default\"  ><div class=\" element-short-top element-short-bottom\" data-os-animation=\"none\" data-os-animation-delay=\"0s\">\r\n    <h3>T4 and Relev\u00e9 1 kits<\/h3>\n<p>Time to do your taxes? Your payroll software allows you to produce a simple printout of your T4 and Relev\u00e9 1 forms, including boxes, titles and amounts. No more continuous adjustments and reprints! The T4 and Relev\u00e91 package (available for 10, 25, 50 or 100 employees) includes<\/p>\n<p>&#8211; T4 and Relev\u00e91 forms with box captions printed on the back, pre-punched in two detachable sections for Relev\u00e91 and T4 (including enough T4 forms to produce retainable copies);<\/p>\n<p>&#8211; Dual window envelopes, envelopes with a security tint for ultra-confidentiality.<\/p>\n<p>&#8211; Instruction guide;<\/p>\n<p>&#8211; Certified and approved by Revenue Qu\u00e9bec and the Canada Revenue Agency.<\/p>\n<\/div><div class=\"divider-wrapper\" style=\"visibility:hidden;background-color:\">\r\n    <div class=\"visible-xs\" style=\"height:24px;\"><\/div>\r\n    <div class=\"visible-sm\" style=\"height:24px;\"><\/div>\r\n    <div class=\"visible-md\" style=\"height:24px;\"><\/div>\r\n    <div class=\"visible-lg\" style=\"height:24px;\"><\/div>\r\n<\/div><a href=\"https:\/\/precigrafik.com\/wp-content\/uploads\/2025\/12\/T4-R1_Formules20_2025-EN.pdf\" class=\"btn btn-default btn-lg    element-short-top element-no-bottom btn-custom\" target= \"_blank\" data-os-animation=\"none\" data-os-animation-delay=\"0s \" style=\"background:#187cea !important; color:#ffffff !important;\" >\r\n\tDownload your order form \t<\/a>\r\n<div class=\" element-short-top element-short-bottom\" data-os-animation=\"none\" data-os-animation-delay=\"0s\">\r\n    <p>Download the form to order your T4 and Relev\u00e9 1 kits, complete it and submit it to the following address: <a href=\"mailto:info@precigrafik.com\">info@precigrafik.com<\/a><\/p>\n<\/div><\/div><\/div><\/div>        <\/div>\r\n    <\/div>\r\n<\/section><section class=\"section swatch-white  section-text-no-shadow section-inner-no-shadow section-normal section-opaque\"  data-label=\"\">\r\n    \r\n    <div class=\"background-overlay grid-overlay-0 \" style=\"background-color: rgba(235,235,235,1);\"><\/div>\r\n\r\n    <div class=\"container\">\r\n        <div class=\"row vertical-top\">\r\n            <div class=\"col-md-12     text-default small-screen-default\"  ><div class=\"divider-wrapper\" style=\"visibility:hidden;background-color:\">\r\n    <div class=\"visible-xs\" style=\"height:40px;\"><\/div>\r\n    <div class=\"visible-sm\" style=\"height:40px;\"><\/div>\r\n    <div class=\"visible-md\" style=\"height:60px;\"><\/div>\r\n    <div class=\"visible-lg\" style=\"height:24px;\"><\/div>\r\n<\/div><\/div>        <\/div>\r\n    <\/div>\r\n<\/section><section class=\"section swatch-white equal-height section-text-no-shadow section-inner-no-shadow section-normal section-opaque\"  data-label=\"\">\r\n    \r\n    <div class=\"background-overlay grid-overlay-0 \" style=\"background-color: rgba(235,235,235,1);\"><\/div>\r\n\r\n    <div class=\"container\">\r\n        <div class=\"row vertical-top\">\r\n            <div class=\"col-md-4     text-default small-screen-default\"  ><a class=\"preci-btn fullheight dark icon preci-darkblue\" target=\"\" href=\"cheques\/\"><svg version=\"1.1\" fill=\"#1E232D\" xmlns=\"http:\/\/www.w3.org\/2000\/svg\" xmlns:xlink=\"http:\/\/www.w3.org\/1999\/xlink\" x=\"0px\" y=\"0px\"\n                            viewBox=\"0 0 24 20\" style=\"enable-background:new 0 0 24 20;\" xml:space=\"preserve\">\n                   <polygon class=\"st0\" points=\"12.6,18.6 14,20 24,10 14,0 12.6,1.4 20.2,9 0,9 0,11 20.2,11 \"\/>\n                   <\/svg><span>See which cheques are compatible with your software<\/span><\/a><\/div><div class=\"col-md-4     text-default small-screen-default\"  ><div class=\"figure  element-no-top element-no-bottom image-filter-none image-filter-onhover fade-in text-center figcaption-middle normalwidth\" data-os-animation=\"none\" data-os-animation-delay=\"0s\">\r\n            <a href=\"https:\/\/precigrafik.com\/cheques\/\" class=\"figure-image  image-all\" data-links=\"\" target=\"_self\">\r\n    \r\n    <img decoding=\"async\" src=\"https:\/\/precigrafik.com\/wp-content\/uploads\/2022\/01\/img-cheque-siteweb-t4-r1-copie.jpg\"   class=\"normalwidth\" \/>    \r\n            <\/a>\r\n    \r\n<\/div><\/div><div class=\"col-md-4     text-default small-screen-default\"  ><a class=\"preci-btn fullheight dark icon preci-darkblue\" target=\"\" href=\"en\/contact-us\/e\/\"><svg version=\"1.1\" fill=\"#1E232D\" xmlns=\"http:\/\/www.w3.org\/2000\/svg\" xmlns:xlink=\"http:\/\/www.w3.org\/1999\/xlink\" x=\"0px\" y=\"0px\"\n                            viewBox=\"0 0 24 20\" style=\"enable-background:new 0 0 24 20;\" xml:space=\"preserve\">\n                   <polygon class=\"st0\" points=\"12.6,18.6 14,20 24,10 14,0 12.6,1.4 20.2,9 0,9 0,11 20.2,11 \"\/>\n                   <\/svg><span>Contact us!<\/span><\/a><\/div>        <\/div>\r\n    <\/div>\r\n<\/section>\n","protected":false},"excerpt":{"rendered":"T4 and Relev\u00e9 1 kits Time to do your taxes? Your payroll software allows you to produce a simple printout of your T4 and Relev\u00e9 1 forms, including boxes, titles and amounts. No more continuous adjustments and reprints! The T4 and Relev\u00e91 package (available for 10, 25, 50 or 100 employees) includes - T4 and","protected":false},"author":1,"featured_media":9307,"parent":0,"menu_order":0,"comment_status":"closed","ping_status":"closed","template":"","meta":{"_monsterinsights_skip_tracking":false,"_monsterinsights_sitenote_active":false,"_monsterinsights_sitenote_note":"","_monsterinsights_sitenote_category":0,"footnotes":""},"class_list":["post-8451","page","type-page","status-publish","has-post-thumbnail","hentry"],"yoast_head":"<!-- This site is optimized with the Yoast SEO plugin v27.3 - https:\/\/yoast.com\/product\/yoast-seo-wordpress\/ -->\n<title>T4 and Relev\u00e9 1 kits | Pr\u00e9cigrafik<\/title>\n<meta name=\"description\" content=\"Finit les ajustements continuels et les reprises d\u2019impression!\u00a0Les Trousses T4 Relev\u00e9 1 (disponible pour 10, 25, 50 ou 100 employ\u00e9s) incluent:\" \/>\n<meta name=\"robots\" content=\"index, follow, max-snippet:-1, max-image-preview:large, max-video-preview:-1\" \/>\n<link rel=\"canonical\" href=\"https:\/\/precigrafik.com\/en\/trousses-t4-releve-1\/\" \/>\n<meta property=\"og:locale\" content=\"en_US\" \/>\n<meta property=\"og:type\" content=\"article\" \/>\n<meta property=\"og:title\" content=\"T4 and Relev\u00e9 1 kits | Pr\u00e9cigrafik\" \/>\n<meta property=\"og:description\" content=\"Finit les ajustements continuels et les reprises d\u2019impression!\u00a0Les Trousses T4 Relev\u00e9 1 (disponible pour 10, 25, 50 ou 100 employ\u00e9s) incluent:\" \/>\n<meta property=\"og:url\" content=\"https:\/\/precigrafik.com\/en\/trousses-t4-releve-1\/\" \/>\n<meta property=\"og:site_name\" content=\"Pr\u00e9cigrafik\" \/>\n<meta property=\"article:publisher\" content=\"https:\/\/www.facebook.com\/Precigrafik\" \/>\n<meta property=\"article:modified_time\" content=\"2025-12-10T22:50:27+00:00\" \/>\n<meta property=\"og:image\" content=\"https:\/\/precigrafik.com\/wp-content\/uploads\/2023\/01\/T4-r1-enveloppe.png\" \/>\n\t<meta property=\"og:image:width\" content=\"3333\" \/>\n\t<meta property=\"og:image:height\" content=\"2500\" \/>\n\t<meta property=\"og:image:type\" content=\"image\/png\" \/>\n<meta name=\"twitter:card\" content=\"summary_large_image\" \/>\n<meta name=\"twitter:label1\" content=\"Est. reading time\" \/>\n\t<meta name=\"twitter:data1\" content=\"2 minutes\" \/>\n<script type=\"application\/ld+json\" class=\"yoast-schema-graph\">{\"@context\":\"https:\\\/\\\/schema.org\",\"@graph\":[{\"@type\":\"WebPage\",\"@id\":\"https:\\\/\\\/precigrafik.com\\\/en\\\/trousses-t4-releve-1\\\/\",\"url\":\"https:\\\/\\\/precigrafik.com\\\/en\\\/trousses-t4-releve-1\\\/\",\"name\":\"T4 and Relev\u00e9 1 kits | Pr\u00e9cigrafik\",\"isPartOf\":{\"@id\":\"https:\\\/\\\/precigrafik.com\\\/#website\"},\"primaryImageOfPage\":{\"@id\":\"https:\\\/\\\/precigrafik.com\\\/en\\\/trousses-t4-releve-1\\\/#primaryimage\"},\"image\":{\"@id\":\"https:\\\/\\\/precigrafik.com\\\/en\\\/trousses-t4-releve-1\\\/#primaryimage\"},\"thumbnailUrl\":\"https:\\\/\\\/precigrafik.com\\\/wp-content\\\/uploads\\\/2023\\\/01\\\/T4-r1-enveloppe.png\",\"datePublished\":\"2022-01-04T17:57:11+00:00\",\"dateModified\":\"2025-12-10T22:50:27+00:00\",\"description\":\"Finit les ajustements continuels et les reprises d\u2019impression!\u00a0Les Trousses T4 Relev\u00e9 1 (disponible pour 10, 25, 50 ou 100 employ\u00e9s) incluent:\",\"breadcrumb\":{\"@id\":\"https:\\\/\\\/precigrafik.com\\\/en\\\/trousses-t4-releve-1\\\/#breadcrumb\"},\"inLanguage\":\"en-US\",\"potentialAction\":[{\"@type\":\"ReadAction\",\"target\":[\"https:\\\/\\\/precigrafik.com\\\/en\\\/trousses-t4-releve-1\\\/\"]}]},{\"@type\":\"ImageObject\",\"inLanguage\":\"en-US\",\"@id\":\"https:\\\/\\\/precigrafik.com\\\/en\\\/trousses-t4-releve-1\\\/#primaryimage\",\"url\":\"https:\\\/\\\/precigrafik.com\\\/wp-content\\\/uploads\\\/2023\\\/01\\\/T4-r1-enveloppe.png\",\"contentUrl\":\"https:\\\/\\\/precigrafik.com\\\/wp-content\\\/uploads\\\/2023\\\/01\\\/T4-r1-enveloppe.png\",\"width\":3333,\"height\":2500},{\"@type\":\"BreadcrumbList\",\"@id\":\"https:\\\/\\\/precigrafik.com\\\/en\\\/trousses-t4-releve-1\\\/#breadcrumb\",\"itemListElement\":[{\"@type\":\"ListItem\",\"position\":1,\"name\":\"Accueil\",\"item\":\"https:\\\/\\\/precigrafik.com\\\/en\\\/\"},{\"@type\":\"ListItem\",\"position\":2,\"name\":\"T4 and Relev\u00e9 1 kits\"}]},{\"@type\":\"WebSite\",\"@id\":\"https:\\\/\\\/precigrafik.com\\\/#website\",\"url\":\"https:\\\/\\\/precigrafik.com\\\/\",\"name\":\"Pr\u00e9cigrafik\",\"description\":\"Strat\u00e9gies Imprim\u00e9es\",\"publisher\":{\"@id\":\"https:\\\/\\\/precigrafik.com\\\/#organization\"},\"potentialAction\":[{\"@type\":\"SearchAction\",\"target\":{\"@type\":\"EntryPoint\",\"urlTemplate\":\"https:\\\/\\\/precigrafik.com\\\/?s={search_term_string}\"},\"query-input\":{\"@type\":\"PropertyValueSpecification\",\"valueRequired\":true,\"valueName\":\"search_term_string\"}}],\"inLanguage\":\"en-US\"},{\"@type\":\"Organization\",\"@id\":\"https:\\\/\\\/precigrafik.com\\\/#organization\",\"name\":\"Pr\u00e9cigrafik\",\"url\":\"https:\\\/\\\/precigrafik.com\\\/\",\"logo\":{\"@type\":\"ImageObject\",\"inLanguage\":\"en-US\",\"@id\":\"https:\\\/\\\/precigrafik.com\\\/#\\\/schema\\\/logo\\\/image\\\/\",\"url\":\"https:\\\/\\\/i1.wp.com\\\/precigrafik.com\\\/wp-content\\\/uploads\\\/2022\\\/01\\\/LogoRVB_blank1000px.png?fit=1000%2C324&ssl=1\",\"contentUrl\":\"https:\\\/\\\/i1.wp.com\\\/precigrafik.com\\\/wp-content\\\/uploads\\\/2022\\\/01\\\/LogoRVB_blank1000px.png?fit=1000%2C324&ssl=1\",\"width\":1000,\"height\":324,\"caption\":\"Pr\u00e9cigrafik\"},\"image\":{\"@id\":\"https:\\\/\\\/precigrafik.com\\\/#\\\/schema\\\/logo\\\/image\\\/\"},\"sameAs\":[\"https:\\\/\\\/www.facebook.com\\\/Precigrafik\",\"https:\\\/\\\/www.instagram.com\\\/precigrafik\\\/\",\"https:\\\/\\\/www.linkedin.com\\\/company\\\/861295\\\/admin\\\/\",\"https:\\\/\\\/www.youtube.com\\\/channel\\\/UCTohA0AYDU_Gb_GB0omuGrg\"]}]}<\/script>\n<!-- \/ Yoast SEO plugin. -->","yoast_head_json":{"title":"T4 and Relev\u00e9 1 kits | Pr\u00e9cigrafik","description":"Finit les ajustements continuels et les reprises d\u2019impression!\u00a0Les Trousses T4 Relev\u00e9 1 (disponible pour 10, 25, 50 ou 100 employ\u00e9s) incluent:","robots":{"index":"index","follow":"follow","max-snippet":"max-snippet:-1","max-image-preview":"max-image-preview:large","max-video-preview":"max-video-preview:-1"},"canonical":"https:\/\/precigrafik.com\/en\/trousses-t4-releve-1\/","og_locale":"en_US","og_type":"article","og_title":"T4 and Relev\u00e9 1 kits | Pr\u00e9cigrafik","og_description":"Finit les ajustements continuels et les reprises d\u2019impression!\u00a0Les Trousses T4 Relev\u00e9 1 (disponible pour 10, 25, 50 ou 100 employ\u00e9s) incluent:","og_url":"https:\/\/precigrafik.com\/en\/trousses-t4-releve-1\/","og_site_name":"Pr\u00e9cigrafik","article_publisher":"https:\/\/www.facebook.com\/Precigrafik","article_modified_time":"2025-12-10T22:50:27+00:00","og_image":[{"width":3333,"height":2500,"url":"https:\/\/precigrafik.com\/wp-content\/uploads\/2023\/01\/T4-r1-enveloppe.png","type":"image\/png"}],"twitter_card":"summary_large_image","twitter_misc":{"Est. reading time":"2 minutes"},"schema":{"@context":"https:\/\/schema.org","@graph":[{"@type":"WebPage","@id":"https:\/\/precigrafik.com\/en\/trousses-t4-releve-1\/","url":"https:\/\/precigrafik.com\/en\/trousses-t4-releve-1\/","name":"T4 and Relev\u00e9 1 kits | Pr\u00e9cigrafik","isPartOf":{"@id":"https:\/\/precigrafik.com\/#website"},"primaryImageOfPage":{"@id":"https:\/\/precigrafik.com\/en\/trousses-t4-releve-1\/#primaryimage"},"image":{"@id":"https:\/\/precigrafik.com\/en\/trousses-t4-releve-1\/#primaryimage"},"thumbnailUrl":"https:\/\/precigrafik.com\/wp-content\/uploads\/2023\/01\/T4-r1-enveloppe.png","datePublished":"2022-01-04T17:57:11+00:00","dateModified":"2025-12-10T22:50:27+00:00","description":"Finit les ajustements continuels et les reprises d\u2019impression!\u00a0Les Trousses T4 Relev\u00e9 1 (disponible pour 10, 25, 50 ou 100 employ\u00e9s) incluent:","breadcrumb":{"@id":"https:\/\/precigrafik.com\/en\/trousses-t4-releve-1\/#breadcrumb"},"inLanguage":"en-US","potentialAction":[{"@type":"ReadAction","target":["https:\/\/precigrafik.com\/en\/trousses-t4-releve-1\/"]}]},{"@type":"ImageObject","inLanguage":"en-US","@id":"https:\/\/precigrafik.com\/en\/trousses-t4-releve-1\/#primaryimage","url":"https:\/\/precigrafik.com\/wp-content\/uploads\/2023\/01\/T4-r1-enveloppe.png","contentUrl":"https:\/\/precigrafik.com\/wp-content\/uploads\/2023\/01\/T4-r1-enveloppe.png","width":3333,"height":2500},{"@type":"BreadcrumbList","@id":"https:\/\/precigrafik.com\/en\/trousses-t4-releve-1\/#breadcrumb","itemListElement":[{"@type":"ListItem","position":1,"name":"Accueil","item":"https:\/\/precigrafik.com\/en\/"},{"@type":"ListItem","position":2,"name":"T4 and Relev\u00e9 1 kits"}]},{"@type":"WebSite","@id":"https:\/\/precigrafik.com\/#website","url":"https:\/\/precigrafik.com\/","name":"Pr\u00e9cigrafik","description":"Strat\u00e9gies Imprim\u00e9es","publisher":{"@id":"https:\/\/precigrafik.com\/#organization"},"potentialAction":[{"@type":"SearchAction","target":{"@type":"EntryPoint","urlTemplate":"https:\/\/precigrafik.com\/?s={search_term_string}"},"query-input":{"@type":"PropertyValueSpecification","valueRequired":true,"valueName":"search_term_string"}}],"inLanguage":"en-US"},{"@type":"Organization","@id":"https:\/\/precigrafik.com\/#organization","name":"Pr\u00e9cigrafik","url":"https:\/\/precigrafik.com\/","logo":{"@type":"ImageObject","inLanguage":"en-US","@id":"https:\/\/precigrafik.com\/#\/schema\/logo\/image\/","url":"https:\/\/i1.wp.com\/precigrafik.com\/wp-content\/uploads\/2022\/01\/LogoRVB_blank1000px.png?fit=1000%2C324&ssl=1","contentUrl":"https:\/\/i1.wp.com\/precigrafik.com\/wp-content\/uploads\/2022\/01\/LogoRVB_blank1000px.png?fit=1000%2C324&ssl=1","width":1000,"height":324,"caption":"Pr\u00e9cigrafik"},"image":{"@id":"https:\/\/precigrafik.com\/#\/schema\/logo\/image\/"},"sameAs":["https:\/\/www.facebook.com\/Precigrafik","https:\/\/www.instagram.com\/precigrafik\/","https:\/\/www.linkedin.com\/company\/861295\/admin\/","https:\/\/www.youtube.com\/channel\/UCTohA0AYDU_Gb_GB0omuGrg"]}]}},"_links":{"self":[{"href":"https:\/\/precigrafik.com\/en\/wp-json\/wp\/v2\/pages\/8451","targetHints":{"allow":["GET"]}}],"collection":[{"href":"https:\/\/precigrafik.com\/en\/wp-json\/wp\/v2\/pages"}],"about":[{"href":"https:\/\/precigrafik.com\/en\/wp-json\/wp\/v2\/types\/page"}],"author":[{"embeddable":true,"href":"https:\/\/precigrafik.com\/en\/wp-json\/wp\/v2\/users\/1"}],"replies":[{"embeddable":true,"href":"https:\/\/precigrafik.com\/en\/wp-json\/wp\/v2\/comments?post=8451"}],"version-history":[{"count":6,"href":"https:\/\/precigrafik.com\/en\/wp-json\/wp\/v2\/pages\/8451\/revisions"}],"predecessor-version":[{"id":12053,"href":"https:\/\/precigrafik.com\/en\/wp-json\/wp\/v2\/pages\/8451\/revisions\/12053"}],"wp:featuredmedia":[{"embeddable":true,"href":"https:\/\/precigrafik.com\/en\/wp-json\/wp\/v2\/media\/9307"}],"wp:attachment":[{"href":"https:\/\/precigrafik.com\/en\/wp-json\/wp\/v2\/media?parent=8451"}],"curies":[{"name":"wp","href":"https:\/\/api.w.org\/{rel}","templated":true}]}}