{"id":8389,"date":"2022-06-16T18:53:43","date_gmt":"2022-06-16T17:53:43","guid":{"rendered":"https:\/\/precigrafik.com\/?page_id=8389"},"modified":"2022-06-16T18:54:47","modified_gmt":"2022-06-16T17:54:47","slug":"flyers-leaflets","status":"publish","type":"page","link":"https:\/\/precigrafik.com\/en\/flyers-leaflets\/","title":{"rendered":"Flyers &#038; leaflets"},"content":{"rendered":"<section class=\"section swatch-white  section-text-no-shadow section-inner-no-shadow section-normal section-opaque\"  data-label=\"\">\r\n    \r\n    <div class=\"background-overlay grid-overlay-0 \" style=\"background-color: rgba(235,235,235,1);\"><\/div>\r\n\r\n    <div class=\"container\">\r\n        <div class=\"row vertical-top\">\r\n            <div class=\"col-md-12     text-default small-screen-default\"  ><div class=\"row \"><div class=\"col-md-6     text-default small-screen-default\"  ><div class=\"figure  element-short-top element-short-bottom image-filter-none image-filter-onhover fade-in text-center figcaption-middle fullwidth\" data-os-animation=\"none\" data-os-animation-delay=\"0s\">\r\n            <span class=\"figure-image\">\r\n    \r\n    <img decoding=\"async\" src=\"https:\/\/precigrafik.com\/wp-content\/uploads\/2017\/11\/Depliant-BIG-1.jpg\"   class=\"fullwidth\" \/>    \r\n            <\/span>\r\n    \r\n<\/div><\/div><div class=\"col-md-6     text-default small-screen-default\"  ><div class=\" element-short-top element-short-bottom\" data-os-animation=\"none\" data-os-animation-delay=\"0s\">\r\n    <h3>Flyers &amp; leaflets<\/h3>\n<p>Show your potential customers what you can do for them with a leaflet or flyer. Arouse their curiosity by highlighting the various benefits they could enjoy. Imagine the impact that each of your leaflets could have if personalized! The ideal printed material to attract new markets via a targeted mailing or during an event. The formats and folds according to your needs are determined.<\/p>\n<p>Don&#8217;t worry about the layout. Our graphic designers are there for you!<\/p>\n<\/div><\/div><\/div><\/div>        <\/div>\r\n    <\/div>\r\n<\/section><section class=\"section swatch-white  section-text-no-shadow section-inner-no-shadow section-normal section-opaque\"  data-label=\"\">\r\n    \r\n    <div class=\"background-overlay grid-overlay-0 \" style=\"background-color: rgba(235,235,235,1);\"><\/div>\r\n\r\n    <div class=\"container\">\r\n        <div class=\"row vertical-top\">\r\n            <div class=\"col-md-12     text-default small-screen-default\"  ><div class=\"divider-wrapper\" style=\"visibility:hidden;background-color:\">\r\n    <div class=\"visible-xs\" style=\"height:40px;\"><\/div>\r\n    <div class=\"visible-sm\" style=\"height:40px;\"><\/div>\r\n    <div class=\"visible-md\" style=\"height:60px;\"><\/div>\r\n    <div class=\"visible-lg\" style=\"height:24px;\"><\/div>\r\n<\/div><\/div>        <\/div>\r\n    <\/div>\r\n<\/section><section class=\"section swatch-white equal-height section-text-no-shadow section-inner-no-shadow section-normal section-opaque\"  data-label=\"\">\r\n    \r\n    <div class=\"background-overlay grid-overlay-0 \" style=\"background-color: rgba(235,235,235,1);\"><\/div>\r\n\r\n    <div class=\"container\">\r\n        <div class=\"row vertical-top\">\r\n            <div class=\"col-md-3     text-default small-screen-default\"  ><div class=\"figure  element-no-top element-no-bottom image-filter-none image-filter-onhover fade-in text-center figcaption-middle fullwidth\" data-os-animation=\"none\" data-os-animation-delay=\"0s\">\r\n            <span class=\"figure-image\">\r\n    \r\n    <img decoding=\"async\" src=\"https:\/\/precigrafik.com\/wp-content\/uploads\/2017\/11\/CSMOCA-promo.jpg\"   class=\"fullwidth\" \/>    \r\n            <\/span>\r\n    \r\n<\/div><\/div><div class=\"col-md-3     text-default small-screen-default\"  ><a class=\"preci-btn fullheight dark icon preci-darkblue\" target=\"\" href=\"http:\/\/precigrafik.com\/expertises\/marketing\/marketing-postal\/\"><svg version=\"1.1\" fill=\"#1E232D\" xmlns=\"http:\/\/www.w3.org\/2000\/svg\" xmlns:xlink=\"http:\/\/www.w3.org\/1999\/xlink\" x=\"0px\" y=\"0px\"\n                            viewBox=\"0 0 24 20\" style=\"enable-background:new 0 0 24 20;\" xml:space=\"preserve\">\n                   <polygon class=\"st0\" points=\"12.6,18.6 14,20 24,10 14,0 12.6,1.4 20.2,9 0,9 0,11 20.2,11 \"\/>\n                   <\/svg><span>Discover the power of direct mail marketing<\/span><\/a><\/div><div class=\"col-md-3     text-default small-screen-default\"  ><div class=\"figure  element-no-top element-no-bottom image-filter-none image-filter-onhover fade-in text-center figcaption-middle fullwidth\" data-os-animation=\"none\" data-os-animation-delay=\"0s\">\r\n            <span class=\"figure-image\">\r\n    \r\n    <img decoding=\"async\" src=\"https:\/\/precigrafik.com\/wp-content\/uploads\/2017\/11\/Uniktour-promo.jpg\"   class=\"fullwidth\" \/>    \r\n            <\/span>\r\n    \r\n<\/div><\/div><div class=\"col-md-3     text-default small-screen-default\"  ><a class=\"preci-btn fullheight dark icon preci-darkblue\" target=\"\" href=\"en\/contact-us\/\"><svg version=\"1.1\" fill=\"#1E232D\" xmlns=\"http:\/\/www.w3.org\/2000\/svg\" xmlns:xlink=\"http:\/\/www.w3.org\/1999\/xlink\" x=\"0px\" y=\"0px\"\n                            viewBox=\"0 0 24 20\" style=\"enable-background:new 0 0 24 20;\" xml:space=\"preserve\">\n                   <polygon class=\"st0\" points=\"12.6,18.6 14,20 24,10 14,0 12.6,1.4 20.2,9 0,9 0,11 20.2,11 \"\/>\n                   <\/svg><span>Contact us<\/span><\/a><\/div>        <\/div>\r\n    <\/div>\r\n<\/section>\n","protected":false},"excerpt":{"rendered":"Flyers &amp; leaflets Show your potential customers what you can do for them with a leaflet or flyer. Arouse their curiosity by highlighting the various benefits they could enjoy. Imagine the impact that each of your leaflets could have if personalized! The ideal printed material to attract new markets via a targeted mailing or during","protected":false},"author":4,"featured_media":10130,"parent":0,"menu_order":0,"comment_status":"closed","ping_status":"closed","template":"","meta":{"_monsterinsights_skip_tracking":false,"_monsterinsights_sitenote_active":false,"_monsterinsights_sitenote_note":"","_monsterinsights_sitenote_category":0,"footnotes":""},"class_list":["post-8389","page","type-page","status-publish","has-post-thumbnail","hentry"],"yoast_head":"<!-- This site is optimized with the Yoast SEO plugin v27.4 - https:\/\/yoast.com\/product\/yoast-seo-wordpress\/ -->\n<title>Flyers &amp; leaflets | Pr\u00e9cigrafik<\/title>\n<meta name=\"robots\" content=\"index, follow, max-snippet:-1, max-image-preview:large, max-video-preview:-1\" \/>\n<link rel=\"canonical\" href=\"https:\/\/precigrafik.com\/en\/flyers-leaflets\/\" \/>\n<meta property=\"og:locale\" content=\"en_US\" \/>\n<meta property=\"og:type\" content=\"article\" \/>\n<meta property=\"og:title\" content=\"Flyers &amp; leaflets | Pr\u00e9cigrafik\" \/>\n<meta property=\"og:url\" content=\"https:\/\/precigrafik.com\/en\/flyers-leaflets\/\" \/>\n<meta property=\"og:site_name\" content=\"Pr\u00e9cigrafik\" \/>\n<meta property=\"article:publisher\" content=\"https:\/\/www.facebook.com\/Precigrafik\" \/>\n<meta property=\"article:modified_time\" content=\"2022-06-16T17:54:47+00:00\" \/>\n<meta property=\"og:image\" content=\"https:\/\/precigrafik.com\/wp-content\/uploads\/2023\/07\/depliants-ecoencrage-grand-1200x1196.png\" \/>\n\t<meta property=\"og:image:width\" content=\"1200\" \/>\n\t<meta property=\"og:image:height\" content=\"1196\" \/>\n\t<meta property=\"og:image:type\" content=\"image\/png\" \/>\n<meta name=\"twitter:card\" content=\"summary_large_image\" \/>\n<meta name=\"twitter:label1\" content=\"Est. reading time\" \/>\n\t<meta name=\"twitter:data1\" content=\"2 minutes\" \/>\n<script type=\"application\/ld+json\" class=\"yoast-schema-graph\">{\"@context\":\"https:\\\/\\\/schema.org\",\"@graph\":[{\"@type\":\"WebPage\",\"@id\":\"https:\\\/\\\/precigrafik.com\\\/en\\\/flyers-leaflets\\\/\",\"url\":\"https:\\\/\\\/precigrafik.com\\\/en\\\/flyers-leaflets\\\/\",\"name\":\"Flyers & leaflets | Pr\u00e9cigrafik\",\"isPartOf\":{\"@id\":\"https:\\\/\\\/precigrafik.com\\\/#website\"},\"primaryImageOfPage\":{\"@id\":\"https:\\\/\\\/precigrafik.com\\\/en\\\/flyers-leaflets\\\/#primaryimage\"},\"image\":{\"@id\":\"https:\\\/\\\/precigrafik.com\\\/en\\\/flyers-leaflets\\\/#primaryimage\"},\"thumbnailUrl\":\"https:\\\/\\\/precigrafik.com\\\/wp-content\\\/uploads\\\/2023\\\/07\\\/depliants-ecoencrage-grand.png\",\"datePublished\":\"2022-06-16T17:53:43+00:00\",\"dateModified\":\"2022-06-16T17:54:47+00:00\",\"breadcrumb\":{\"@id\":\"https:\\\/\\\/precigrafik.com\\\/en\\\/flyers-leaflets\\\/#breadcrumb\"},\"inLanguage\":\"en-US\",\"potentialAction\":[{\"@type\":\"ReadAction\",\"target\":[\"https:\\\/\\\/precigrafik.com\\\/en\\\/flyers-leaflets\\\/\"]}]},{\"@type\":\"ImageObject\",\"inLanguage\":\"en-US\",\"@id\":\"https:\\\/\\\/precigrafik.com\\\/en\\\/flyers-leaflets\\\/#primaryimage\",\"url\":\"https:\\\/\\\/precigrafik.com\\\/wp-content\\\/uploads\\\/2023\\\/07\\\/depliants-ecoencrage-grand.png\",\"contentUrl\":\"https:\\\/\\\/precigrafik.com\\\/wp-content\\\/uploads\\\/2023\\\/07\\\/depliants-ecoencrage-grand.png\",\"width\":1620,\"height\":1615},{\"@type\":\"BreadcrumbList\",\"@id\":\"https:\\\/\\\/precigrafik.com\\\/en\\\/flyers-leaflets\\\/#breadcrumb\",\"itemListElement\":[{\"@type\":\"ListItem\",\"position\":1,\"name\":\"Accueil\",\"item\":\"https:\\\/\\\/precigrafik.com\\\/en\\\/\"},{\"@type\":\"ListItem\",\"position\":2,\"name\":\"Flyers &#038; leaflets\"}]},{\"@type\":\"WebSite\",\"@id\":\"https:\\\/\\\/precigrafik.com\\\/#website\",\"url\":\"https:\\\/\\\/precigrafik.com\\\/\",\"name\":\"Pr\u00e9cigrafik\",\"description\":\"Strat\u00e9gies Imprim\u00e9es\",\"publisher\":{\"@id\":\"https:\\\/\\\/precigrafik.com\\\/#organization\"},\"potentialAction\":[{\"@type\":\"SearchAction\",\"target\":{\"@type\":\"EntryPoint\",\"urlTemplate\":\"https:\\\/\\\/precigrafik.com\\\/?s={search_term_string}\"},\"query-input\":{\"@type\":\"PropertyValueSpecification\",\"valueRequired\":true,\"valueName\":\"search_term_string\"}}],\"inLanguage\":\"en-US\"},{\"@type\":\"Organization\",\"@id\":\"https:\\\/\\\/precigrafik.com\\\/#organization\",\"name\":\"Pr\u00e9cigrafik\",\"url\":\"https:\\\/\\\/precigrafik.com\\\/\",\"logo\":{\"@type\":\"ImageObject\",\"inLanguage\":\"en-US\",\"@id\":\"https:\\\/\\\/precigrafik.com\\\/#\\\/schema\\\/logo\\\/image\\\/\",\"url\":\"https:\\\/\\\/i1.wp.com\\\/precigrafik.com\\\/wp-content\\\/uploads\\\/2022\\\/01\\\/LogoRVB_blank1000px.png?fit=1000%2C324&ssl=1\",\"contentUrl\":\"https:\\\/\\\/i1.wp.com\\\/precigrafik.com\\\/wp-content\\\/uploads\\\/2022\\\/01\\\/LogoRVB_blank1000px.png?fit=1000%2C324&ssl=1\",\"width\":1000,\"height\":324,\"caption\":\"Pr\u00e9cigrafik\"},\"image\":{\"@id\":\"https:\\\/\\\/precigrafik.com\\\/#\\\/schema\\\/logo\\\/image\\\/\"},\"sameAs\":[\"https:\\\/\\\/www.facebook.com\\\/Precigrafik\",\"https:\\\/\\\/www.instagram.com\\\/precigrafik\\\/\",\"https:\\\/\\\/www.linkedin.com\\\/company\\\/861295\\\/admin\\\/\",\"https:\\\/\\\/www.youtube.com\\\/channel\\\/UCTohA0AYDU_Gb_GB0omuGrg\"]}]}<\/script>\n<!-- \/ Yoast SEO plugin. -->","yoast_head_json":{"title":"Flyers & leaflets | Pr\u00e9cigrafik","robots":{"index":"index","follow":"follow","max-snippet":"max-snippet:-1","max-image-preview":"max-image-preview:large","max-video-preview":"max-video-preview:-1"},"canonical":"https:\/\/precigrafik.com\/en\/flyers-leaflets\/","og_locale":"en_US","og_type":"article","og_title":"Flyers & leaflets | Pr\u00e9cigrafik","og_url":"https:\/\/precigrafik.com\/en\/flyers-leaflets\/","og_site_name":"Pr\u00e9cigrafik","article_publisher":"https:\/\/www.facebook.com\/Precigrafik","article_modified_time":"2022-06-16T17:54:47+00:00","og_image":[{"width":1200,"height":1196,"url":"https:\/\/precigrafik.com\/wp-content\/uploads\/2023\/07\/depliants-ecoencrage-grand-1200x1196.png","type":"image\/png"}],"twitter_card":"summary_large_image","twitter_misc":{"Est. reading time":"2 minutes"},"schema":{"@context":"https:\/\/schema.org","@graph":[{"@type":"WebPage","@id":"https:\/\/precigrafik.com\/en\/flyers-leaflets\/","url":"https:\/\/precigrafik.com\/en\/flyers-leaflets\/","name":"Flyers & leaflets | Pr\u00e9cigrafik","isPartOf":{"@id":"https:\/\/precigrafik.com\/#website"},"primaryImageOfPage":{"@id":"https:\/\/precigrafik.com\/en\/flyers-leaflets\/#primaryimage"},"image":{"@id":"https:\/\/precigrafik.com\/en\/flyers-leaflets\/#primaryimage"},"thumbnailUrl":"https:\/\/precigrafik.com\/wp-content\/uploads\/2023\/07\/depliants-ecoencrage-grand.png","datePublished":"2022-06-16T17:53:43+00:00","dateModified":"2022-06-16T17:54:47+00:00","breadcrumb":{"@id":"https:\/\/precigrafik.com\/en\/flyers-leaflets\/#breadcrumb"},"inLanguage":"en-US","potentialAction":[{"@type":"ReadAction","target":["https:\/\/precigrafik.com\/en\/flyers-leaflets\/"]}]},{"@type":"ImageObject","inLanguage":"en-US","@id":"https:\/\/precigrafik.com\/en\/flyers-leaflets\/#primaryimage","url":"https:\/\/precigrafik.com\/wp-content\/uploads\/2023\/07\/depliants-ecoencrage-grand.png","contentUrl":"https:\/\/precigrafik.com\/wp-content\/uploads\/2023\/07\/depliants-ecoencrage-grand.png","width":1620,"height":1615},{"@type":"BreadcrumbList","@id":"https:\/\/precigrafik.com\/en\/flyers-leaflets\/#breadcrumb","itemListElement":[{"@type":"ListItem","position":1,"name":"Accueil","item":"https:\/\/precigrafik.com\/en\/"},{"@type":"ListItem","position":2,"name":"Flyers &#038; leaflets"}]},{"@type":"WebSite","@id":"https:\/\/precigrafik.com\/#website","url":"https:\/\/precigrafik.com\/","name":"Pr\u00e9cigrafik","description":"Strat\u00e9gies Imprim\u00e9es","publisher":{"@id":"https:\/\/precigrafik.com\/#organization"},"potentialAction":[{"@type":"SearchAction","target":{"@type":"EntryPoint","urlTemplate":"https:\/\/precigrafik.com\/?s={search_term_string}"},"query-input":{"@type":"PropertyValueSpecification","valueRequired":true,"valueName":"search_term_string"}}],"inLanguage":"en-US"},{"@type":"Organization","@id":"https:\/\/precigrafik.com\/#organization","name":"Pr\u00e9cigrafik","url":"https:\/\/precigrafik.com\/","logo":{"@type":"ImageObject","inLanguage":"en-US","@id":"https:\/\/precigrafik.com\/#\/schema\/logo\/image\/","url":"https:\/\/i1.wp.com\/precigrafik.com\/wp-content\/uploads\/2022\/01\/LogoRVB_blank1000px.png?fit=1000%2C324&ssl=1","contentUrl":"https:\/\/i1.wp.com\/precigrafik.com\/wp-content\/uploads\/2022\/01\/LogoRVB_blank1000px.png?fit=1000%2C324&ssl=1","width":1000,"height":324,"caption":"Pr\u00e9cigrafik"},"image":{"@id":"https:\/\/precigrafik.com\/#\/schema\/logo\/image\/"},"sameAs":["https:\/\/www.facebook.com\/Precigrafik","https:\/\/www.instagram.com\/precigrafik\/","https:\/\/www.linkedin.com\/company\/861295\/admin\/","https:\/\/www.youtube.com\/channel\/UCTohA0AYDU_Gb_GB0omuGrg"]}]}},"_links":{"self":[{"href":"https:\/\/precigrafik.com\/en\/wp-json\/wp\/v2\/pages\/8389","targetHints":{"allow":["GET"]}}],"collection":[{"href":"https:\/\/precigrafik.com\/en\/wp-json\/wp\/v2\/pages"}],"about":[{"href":"https:\/\/precigrafik.com\/en\/wp-json\/wp\/v2\/types\/page"}],"author":[{"embeddable":true,"href":"https:\/\/precigrafik.com\/en\/wp-json\/wp\/v2\/users\/4"}],"replies":[{"embeddable":true,"href":"https:\/\/precigrafik.com\/en\/wp-json\/wp\/v2\/comments?post=8389"}],"version-history":[{"count":3,"href":"https:\/\/precigrafik.com\/en\/wp-json\/wp\/v2\/pages\/8389\/revisions"}],"predecessor-version":[{"id":8392,"href":"https:\/\/precigrafik.com\/en\/wp-json\/wp\/v2\/pages\/8389\/revisions\/8392"}],"wp:featuredmedia":[{"embeddable":true,"href":"https:\/\/precigrafik.com\/en\/wp-json\/wp\/v2\/media\/10130"}],"wp:attachment":[{"href":"https:\/\/precigrafik.com\/en\/wp-json\/wp\/v2\/media?parent=8389"}],"curies":[{"name":"wp","href":"https:\/\/api.w.org\/{rel}","templated":true}]}}