{"id":7830,"date":"2022-06-20T20:15:17","date_gmt":"2022-06-20T19:15:17","guid":{"rendered":"https:\/\/precigrafik.com\/?page_id=7830"},"modified":"2023-02-13T19:06:22","modified_gmt":"2023-02-13T18:06:22","slug":"impression-documents-confidentiels","status":"publish","type":"page","link":"https:\/\/precigrafik.com\/en\/impression-documents-confidentiels\/","title":{"rendered":"Printing of confidential documents"},"content":{"rendered":"<section class=\"section swatch-white  section-text-no-shadow section-inner-no-shadow section-normal section-opaque\"  data-label=\"\">\r\n    \r\n    <div class=\"background-overlay grid-overlay-0 \" style=\"background-color: rgba(235,235,235,1);\"><\/div>\r\n\r\n    <div class=\"container\">\r\n        <div class=\"row vertical-top\">\r\n            <div class=\"col-md-12     text-default small-screen-default\"  ><div class=\"row \"><div class=\"col-md-6     text-default small-screen-default\"  ><div class=\"figure  element-short-top element-short-bottom image-filter-none image-filter-onhover fade-in text-center figcaption-middle fullwidth\" data-os-animation=\"none\" data-os-animation-delay=\"0s\">\r\n            <span class=\"figure-image\">\r\n    \r\n    <img decoding=\"async\" src=\"https:\/\/precigrafik.com\/wp-content\/uploads\/2022\/03\/scott-graham-OQMZwNd3ThU-unsplash-1-scaled.jpg\" alt=\"impression documents confidentiels\"  class=\"fullwidth\" \/>    \r\n            <\/span>\r\n    \r\n<\/div><div class=\"divider-wrapper\" style=\"visibility:hidden;background-color:\">\r\n    <div class=\"visible-xs\" style=\"height:24px;\"><\/div>\r\n    <div class=\"visible-sm\" style=\"height:24px;\"><\/div>\r\n    <div class=\"visible-md\" style=\"height:24px;\"><\/div>\r\n    <div class=\"visible-lg\" style=\"height:24px;\"><\/div>\r\n<\/div><\/div><div class=\"col-md-6     text-default small-screen-default\"  ><div class=\" element-short-top element-short-bottom\" data-os-animation=\"none\" data-os-animation-delay=\"0s\">\r\n    <h3>Printing of confidential documents<\/h3>\n<p>Get peace of mind by having your confidential documents printed securely with us. With our <a href=\"https:\/\/precigrafik.com\/wp-content\/uploads\/2023\/02\/Precigrafik_939669_27K_Certificate_Draft_English_Issue1.pdf\">ISO 27001<\/a> certification, you can rest assured that your documents are handled according to the highest cyber security standards in the industry. From transcripts to cheques, diplomas and more, trust our 30 years of cheque printing expertise.<\/p>\n<p><img loading=\"lazy\" decoding=\"async\" class=\"alignnone wp-image-9370 size-thumbnail\" title=\"iso 27001\" src=\"https:\/\/precigrafik.com\/wp-content\/uploads\/2023\/01\/iso-27001-1-150x150.png\" alt=\"iso 27001\" width=\"150\" height=\"150\" srcset=\"https:\/\/precigrafik.com\/wp-content\/uploads\/2023\/01\/iso-27001-1-150x150.png 150w, https:\/\/precigrafik.com\/wp-content\/uploads\/2023\/01\/iso-27001-1-300x300.png 300w, https:\/\/precigrafik.com\/wp-content\/uploads\/2023\/01\/iso-27001-1-768x768.png 768w, https:\/\/precigrafik.com\/wp-content\/uploads\/2023\/01\/iso-27001-1-700x700.png 700w, https:\/\/precigrafik.com\/wp-content\/uploads\/2023\/01\/iso-27001-1-100x100.png 100w, https:\/\/precigrafik.com\/wp-content\/uploads\/2023\/01\/iso-27001-1-600x600.png 600w, https:\/\/precigrafik.com\/wp-content\/uploads\/2023\/01\/iso-27001-1.png 900w\" sizes=\"auto, (max-width: 150px) 100vw, 150px\" \/><\/p>\n<\/div><\/div><\/div><\/div>        <\/div>\r\n    <\/div>\r\n<\/section><section class=\"section swatch-white  section-text-no-shadow section-inner-no-shadow section-normal section-opaque\"  data-label=\"\">\r\n    \r\n    <div class=\"background-overlay grid-overlay-0 \" style=\"background-color: rgba(235,235,235,1);\"><\/div>\r\n\r\n    <div class=\"container\">\r\n        <div class=\"row vertical-top\">\r\n            <div class=\"col-md-12     text-default small-screen-default\"  ><div class=\"divider-wrapper\" style=\"visibility:hidden;background-color:#a5a5a5\">\r\n    <div class=\"visible-xs\" style=\"height:60px;\"><\/div>\r\n    <div class=\"visible-sm\" style=\"height:60px;\"><\/div>\r\n    <div class=\"visible-md\" style=\"height:80px;\"><\/div>\r\n    <div class=\"visible-lg\" style=\"height:60px;\"><\/div>\r\n<\/div><\/div>        <\/div>\r\n    <\/div>\r\n<\/section><section class=\"section swatch-white equal-height section-text-no-shadow section-inner-no-shadow section-normal section-opaque\"  data-label=\"\">\r\n    \r\n    <div class=\"background-overlay grid-overlay-0 \" style=\"background-color: rgba(235,235,235,1);\"><\/div>\r\n\r\n    <div class=\"container\">\r\n        <div class=\"row vertical-top\">\r\n            <div class=\"col-md-3     text-default small-screen-default\"  ><div class=\"figure  element-no-top element-no-bottom image-filter-none image-filter-onhover fade-in text-center figcaption-middle fullwidth\" data-os-animation=\"none\" data-os-animation-delay=\"0s\">\r\n            <span class=\"figure-image\">\r\n    \r\n    <img decoding=\"async\" src=\"https:\/\/precigrafik.com\/wp-content\/uploads\/2022\/06\/cheque-small.jpg\"   class=\"fullwidth\" \/>    \r\n            <\/span>\r\n    \r\n<\/div><\/div><div class=\"col-md-3     text-default small-screen-default\"  ><a class=\"preci-btn fullheight dark icon preci-darkblue\" target=\"\" href=\"en\/cheques-2\/\"><svg version=\"1.1\" fill=\"#1E232D\" xmlns=\"http:\/\/www.w3.org\/2000\/svg\" xmlns:xlink=\"http:\/\/www.w3.org\/1999\/xlink\" x=\"0px\" y=\"0px\"\n                            viewBox=\"0 0 24 20\" style=\"enable-background:new 0 0 24 20;\" xml:space=\"preserve\">\n                   <polygon class=\"st0\" points=\"12.6,18.6 14,20 24,10 14,0 12.6,1.4 20.2,9 0,9 0,11 20.2,11 \"\/>\n                   <\/svg><span>Do you need cheques?<\/span><\/a><\/div><div class=\"col-md-3     text-default small-screen-default\"  ><div class=\"figure  element-no-top element-no-bottom image-filter-none image-filter-onhover fade-in text-center figcaption-middle fullwidth\" data-os-animation=\"none\" data-os-animation-delay=\"0s\">\r\n            <span class=\"figure-image\">\r\n    \r\n    <img decoding=\"async\" src=\"https:\/\/precigrafik.com\/wp-content\/uploads\/2017\/11\/cheques-small02-copie.jpg\"   class=\"fullwidth\" \/>    \r\n            <\/span>\r\n    \r\n<\/div><\/div><div class=\"col-md-3     text-default small-screen-default\"  ><a class=\"preci-btn fullheight dark icon preci-darkblue\" target=\"\" href=\"en\/contact-us\/\"><svg version=\"1.1\" fill=\"#1E232D\" xmlns=\"http:\/\/www.w3.org\/2000\/svg\" xmlns:xlink=\"http:\/\/www.w3.org\/1999\/xlink\" x=\"0px\" y=\"0px\"\n                            viewBox=\"0 0 24 20\" style=\"enable-background:new 0 0 24 20;\" xml:space=\"preserve\">\n                   <polygon class=\"st0\" points=\"12.6,18.6 14,20 24,10 14,0 12.6,1.4 20.2,9 0,9 0,11 20.2,11 \"\/>\n                   <\/svg><span>Contact us!<\/span><\/a><\/div>        <\/div>\r\n    <\/div>\r\n<\/section>\n","protected":false},"excerpt":{"rendered":"Printing of confidential documents Get peace of mind by having your confidential documents printed securely with us. With our ISO 27001 certification, you can rest assured that your documents are handled according to the highest cyber security standards in the industry. From transcripts to cheques, diplomas and more, trust our 30 years of cheque printing","protected":false},"author":4,"featured_media":7837,"parent":0,"menu_order":0,"comment_status":"closed","ping_status":"closed","template":"","meta":{"_monsterinsights_skip_tracking":false,"_monsterinsights_sitenote_active":false,"_monsterinsights_sitenote_note":"","_monsterinsights_sitenote_category":0,"footnotes":""},"class_list":["post-7830","page","type-page","status-publish","has-post-thumbnail","hentry"],"yoast_head":"<!-- This site is optimized with the Yoast SEO plugin v27.4 - https:\/\/yoast.com\/product\/yoast-seo-wordpress\/ -->\n<title>Printing of confidential documents | Pr\u00e9cigrafik<\/title>\n<meta name=\"description\" content=\"Accordez-vous la paix d\u2019esprit en faisant imprimer vos documents confidentiels de fa\u00e7ons s\u00e9curitaires avec nous.\" \/>\n<meta name=\"robots\" content=\"index, follow, max-snippet:-1, max-image-preview:large, max-video-preview:-1\" \/>\n<link rel=\"canonical\" href=\"https:\/\/precigrafik.com\/impression-documents-confidentiels\/\" \/>\n<meta property=\"og:locale\" content=\"en_US\" \/>\n<meta property=\"og:type\" content=\"article\" \/>\n<meta property=\"og:title\" content=\"Printing of confidential documents | Pr\u00e9cigrafik\" \/>\n<meta property=\"og:description\" content=\"Accordez-vous la paix d\u2019esprit en faisant imprimer vos documents confidentiels de fa\u00e7ons s\u00e9curitaires avec nous.\" \/>\n<meta property=\"og:url\" content=\"https:\/\/precigrafik.com\/impression-documents-confidentiels\/\" \/>\n<meta property=\"og:site_name\" content=\"Pr\u00e9cigrafik\" \/>\n<meta property=\"article:publisher\" content=\"https:\/\/www.facebook.com\/Precigrafik\" \/>\n<meta property=\"article:modified_time\" content=\"2023-02-13T18:06:22+00:00\" \/>\n<meta property=\"og:image\" content=\"https:\/\/i0.wp.com\/precigrafik.com\/wp-content\/uploads\/2022\/03\/scott-graham-OQMZwNd3ThU-unsplash-1-scaled.jpg?fit=2560%2C1709&ssl=1\" \/>\n\t<meta property=\"og:image:width\" content=\"2560\" \/>\n\t<meta property=\"og:image:height\" content=\"1709\" \/>\n\t<meta property=\"og:image:type\" content=\"image\/jpeg\" \/>\n<meta name=\"twitter:card\" content=\"summary_large_image\" \/>\n<meta name=\"twitter:label1\" content=\"Est. reading time\" \/>\n\t<meta name=\"twitter:data1\" content=\"1 minute\" \/>\n<script type=\"application\/ld+json\" class=\"yoast-schema-graph\">{\"@context\":\"https:\\\/\\\/schema.org\",\"@graph\":[{\"@type\":\"WebPage\",\"@id\":\"https:\\\/\\\/precigrafik.com\\\/impression-documents-confidentiels\\\/\",\"url\":\"https:\\\/\\\/precigrafik.com\\\/impression-documents-confidentiels\\\/\",\"name\":\"Printing of confidential documents | Pr\u00e9cigrafik\",\"isPartOf\":{\"@id\":\"https:\\\/\\\/precigrafik.com\\\/#website\"},\"primaryImageOfPage\":{\"@id\":\"https:\\\/\\\/precigrafik.com\\\/impression-documents-confidentiels\\\/#primaryimage\"},\"image\":{\"@id\":\"https:\\\/\\\/precigrafik.com\\\/impression-documents-confidentiels\\\/#primaryimage\"},\"thumbnailUrl\":\"https:\\\/\\\/precigrafik.com\\\/wp-content\\\/uploads\\\/2022\\\/03\\\/scott-graham-OQMZwNd3ThU-unsplash-1-scaled.jpg\",\"datePublished\":\"2022-06-20T19:15:17+00:00\",\"dateModified\":\"2023-02-13T18:06:22+00:00\",\"description\":\"Accordez-vous la paix d\u2019esprit en faisant imprimer vos documents confidentiels de fa\u00e7ons s\u00e9curitaires avec nous.\",\"breadcrumb\":{\"@id\":\"https:\\\/\\\/precigrafik.com\\\/impression-documents-confidentiels\\\/#breadcrumb\"},\"inLanguage\":\"en-US\",\"potentialAction\":[{\"@type\":\"ReadAction\",\"target\":[\"https:\\\/\\\/precigrafik.com\\\/impression-documents-confidentiels\\\/\"]}]},{\"@type\":\"ImageObject\",\"inLanguage\":\"en-US\",\"@id\":\"https:\\\/\\\/precigrafik.com\\\/impression-documents-confidentiels\\\/#primaryimage\",\"url\":\"https:\\\/\\\/precigrafik.com\\\/wp-content\\\/uploads\\\/2022\\\/03\\\/scott-graham-OQMZwNd3ThU-unsplash-1-scaled.jpg\",\"contentUrl\":\"https:\\\/\\\/precigrafik.com\\\/wp-content\\\/uploads\\\/2022\\\/03\\\/scott-graham-OQMZwNd3ThU-unsplash-1-scaled.jpg\",\"width\":2560,\"height\":1709,\"caption\":\"impression documents confidentiels\"},{\"@type\":\"BreadcrumbList\",\"@id\":\"https:\\\/\\\/precigrafik.com\\\/impression-documents-confidentiels\\\/#breadcrumb\",\"itemListElement\":[{\"@type\":\"ListItem\",\"position\":1,\"name\":\"Accueil\",\"item\":\"https:\\\/\\\/precigrafik.com\\\/en\\\/\"},{\"@type\":\"ListItem\",\"position\":2,\"name\":\"Printing of confidential documents\"}]},{\"@type\":\"WebSite\",\"@id\":\"https:\\\/\\\/precigrafik.com\\\/#website\",\"url\":\"https:\\\/\\\/precigrafik.com\\\/\",\"name\":\"Pr\u00e9cigrafik\",\"description\":\"Strat\u00e9gies Imprim\u00e9es\",\"publisher\":{\"@id\":\"https:\\\/\\\/precigrafik.com\\\/#organization\"},\"potentialAction\":[{\"@type\":\"SearchAction\",\"target\":{\"@type\":\"EntryPoint\",\"urlTemplate\":\"https:\\\/\\\/precigrafik.com\\\/?s={search_term_string}\"},\"query-input\":{\"@type\":\"PropertyValueSpecification\",\"valueRequired\":true,\"valueName\":\"search_term_string\"}}],\"inLanguage\":\"en-US\"},{\"@type\":\"Organization\",\"@id\":\"https:\\\/\\\/precigrafik.com\\\/#organization\",\"name\":\"Pr\u00e9cigrafik\",\"url\":\"https:\\\/\\\/precigrafik.com\\\/\",\"logo\":{\"@type\":\"ImageObject\",\"inLanguage\":\"en-US\",\"@id\":\"https:\\\/\\\/precigrafik.com\\\/#\\\/schema\\\/logo\\\/image\\\/\",\"url\":\"https:\\\/\\\/i1.wp.com\\\/precigrafik.com\\\/wp-content\\\/uploads\\\/2022\\\/01\\\/LogoRVB_blank1000px.png?fit=1000%2C324&ssl=1\",\"contentUrl\":\"https:\\\/\\\/i1.wp.com\\\/precigrafik.com\\\/wp-content\\\/uploads\\\/2022\\\/01\\\/LogoRVB_blank1000px.png?fit=1000%2C324&ssl=1\",\"width\":1000,\"height\":324,\"caption\":\"Pr\u00e9cigrafik\"},\"image\":{\"@id\":\"https:\\\/\\\/precigrafik.com\\\/#\\\/schema\\\/logo\\\/image\\\/\"},\"sameAs\":[\"https:\\\/\\\/www.facebook.com\\\/Precigrafik\",\"https:\\\/\\\/www.instagram.com\\\/precigrafik\\\/\",\"https:\\\/\\\/www.linkedin.com\\\/company\\\/861295\\\/admin\\\/\",\"https:\\\/\\\/www.youtube.com\\\/channel\\\/UCTohA0AYDU_Gb_GB0omuGrg\"]}]}<\/script>\n<!-- \/ Yoast SEO plugin. -->","yoast_head_json":{"title":"Printing of confidential documents | Pr\u00e9cigrafik","description":"Accordez-vous la paix d\u2019esprit en faisant imprimer vos documents confidentiels de fa\u00e7ons s\u00e9curitaires avec nous.","robots":{"index":"index","follow":"follow","max-snippet":"max-snippet:-1","max-image-preview":"max-image-preview:large","max-video-preview":"max-video-preview:-1"},"canonical":"https:\/\/precigrafik.com\/impression-documents-confidentiels\/","og_locale":"en_US","og_type":"article","og_title":"Printing of confidential documents | Pr\u00e9cigrafik","og_description":"Accordez-vous la paix d\u2019esprit en faisant imprimer vos documents confidentiels de fa\u00e7ons s\u00e9curitaires avec nous.","og_url":"https:\/\/precigrafik.com\/impression-documents-confidentiels\/","og_site_name":"Pr\u00e9cigrafik","article_publisher":"https:\/\/www.facebook.com\/Precigrafik","article_modified_time":"2023-02-13T18:06:22+00:00","og_image":[{"width":2560,"height":1709,"url":"https:\/\/i0.wp.com\/precigrafik.com\/wp-content\/uploads\/2022\/03\/scott-graham-OQMZwNd3ThU-unsplash-1-scaled.jpg?fit=2560%2C1709&ssl=1","type":"image\/jpeg"}],"twitter_card":"summary_large_image","twitter_misc":{"Est. reading time":"1 minute"},"schema":{"@context":"https:\/\/schema.org","@graph":[{"@type":"WebPage","@id":"https:\/\/precigrafik.com\/impression-documents-confidentiels\/","url":"https:\/\/precigrafik.com\/impression-documents-confidentiels\/","name":"Printing of confidential documents | Pr\u00e9cigrafik","isPartOf":{"@id":"https:\/\/precigrafik.com\/#website"},"primaryImageOfPage":{"@id":"https:\/\/precigrafik.com\/impression-documents-confidentiels\/#primaryimage"},"image":{"@id":"https:\/\/precigrafik.com\/impression-documents-confidentiels\/#primaryimage"},"thumbnailUrl":"https:\/\/precigrafik.com\/wp-content\/uploads\/2022\/03\/scott-graham-OQMZwNd3ThU-unsplash-1-scaled.jpg","datePublished":"2022-06-20T19:15:17+00:00","dateModified":"2023-02-13T18:06:22+00:00","description":"Accordez-vous la paix d\u2019esprit en faisant imprimer vos documents confidentiels de fa\u00e7ons s\u00e9curitaires avec nous.","breadcrumb":{"@id":"https:\/\/precigrafik.com\/impression-documents-confidentiels\/#breadcrumb"},"inLanguage":"en-US","potentialAction":[{"@type":"ReadAction","target":["https:\/\/precigrafik.com\/impression-documents-confidentiels\/"]}]},{"@type":"ImageObject","inLanguage":"en-US","@id":"https:\/\/precigrafik.com\/impression-documents-confidentiels\/#primaryimage","url":"https:\/\/precigrafik.com\/wp-content\/uploads\/2022\/03\/scott-graham-OQMZwNd3ThU-unsplash-1-scaled.jpg","contentUrl":"https:\/\/precigrafik.com\/wp-content\/uploads\/2022\/03\/scott-graham-OQMZwNd3ThU-unsplash-1-scaled.jpg","width":2560,"height":1709,"caption":"impression documents confidentiels"},{"@type":"BreadcrumbList","@id":"https:\/\/precigrafik.com\/impression-documents-confidentiels\/#breadcrumb","itemListElement":[{"@type":"ListItem","position":1,"name":"Accueil","item":"https:\/\/precigrafik.com\/en\/"},{"@type":"ListItem","position":2,"name":"Printing of confidential documents"}]},{"@type":"WebSite","@id":"https:\/\/precigrafik.com\/#website","url":"https:\/\/precigrafik.com\/","name":"Pr\u00e9cigrafik","description":"Strat\u00e9gies Imprim\u00e9es","publisher":{"@id":"https:\/\/precigrafik.com\/#organization"},"potentialAction":[{"@type":"SearchAction","target":{"@type":"EntryPoint","urlTemplate":"https:\/\/precigrafik.com\/?s={search_term_string}"},"query-input":{"@type":"PropertyValueSpecification","valueRequired":true,"valueName":"search_term_string"}}],"inLanguage":"en-US"},{"@type":"Organization","@id":"https:\/\/precigrafik.com\/#organization","name":"Pr\u00e9cigrafik","url":"https:\/\/precigrafik.com\/","logo":{"@type":"ImageObject","inLanguage":"en-US","@id":"https:\/\/precigrafik.com\/#\/schema\/logo\/image\/","url":"https:\/\/i1.wp.com\/precigrafik.com\/wp-content\/uploads\/2022\/01\/LogoRVB_blank1000px.png?fit=1000%2C324&ssl=1","contentUrl":"https:\/\/i1.wp.com\/precigrafik.com\/wp-content\/uploads\/2022\/01\/LogoRVB_blank1000px.png?fit=1000%2C324&ssl=1","width":1000,"height":324,"caption":"Pr\u00e9cigrafik"},"image":{"@id":"https:\/\/precigrafik.com\/#\/schema\/logo\/image\/"},"sameAs":["https:\/\/www.facebook.com\/Precigrafik","https:\/\/www.instagram.com\/precigrafik\/","https:\/\/www.linkedin.com\/company\/861295\/admin\/","https:\/\/www.youtube.com\/channel\/UCTohA0AYDU_Gb_GB0omuGrg"]}]}},"_links":{"self":[{"href":"https:\/\/precigrafik.com\/en\/wp-json\/wp\/v2\/pages\/7830","targetHints":{"allow":["GET"]}}],"collection":[{"href":"https:\/\/precigrafik.com\/en\/wp-json\/wp\/v2\/pages"}],"about":[{"href":"https:\/\/precigrafik.com\/en\/wp-json\/wp\/v2\/types\/page"}],"author":[{"embeddable":true,"href":"https:\/\/precigrafik.com\/en\/wp-json\/wp\/v2\/users\/4"}],"replies":[{"embeddable":true,"href":"https:\/\/precigrafik.com\/en\/wp-json\/wp\/v2\/comments?post=7830"}],"version-history":[{"count":6,"href":"https:\/\/precigrafik.com\/en\/wp-json\/wp\/v2\/pages\/7830\/revisions"}],"predecessor-version":[{"id":9405,"href":"https:\/\/precigrafik.com\/en\/wp-json\/wp\/v2\/pages\/7830\/revisions\/9405"}],"wp:featuredmedia":[{"embeddable":true,"href":"https:\/\/precigrafik.com\/en\/wp-json\/wp\/v2\/media\/7837"}],"wp:attachment":[{"href":"https:\/\/precigrafik.com\/en\/wp-json\/wp\/v2\/media?parent=7830"}],"curies":[{"name":"wp","href":"https:\/\/api.w.org\/{rel}","templated":true}]}}