{"id":12125,"date":"2026-03-04T09:29:11","date_gmt":"2026-03-04T14:29:11","guid":{"rendered":"https:\/\/precigrafik.com\/?page_id=12125"},"modified":"2026-03-04T09:29:13","modified_gmt":"2026-03-04T14:29:13","slug":"notepad","status":"publish","type":"page","link":"https:\/\/precigrafik.com\/en\/notepad\/","title":{"rendered":"Notepad"},"content":{"rendered":"<section class=\"section swatch-white  section-text-no-shadow section-inner-no-shadow section-normal section-opaque\"  data-label=\"\">\r\n    \r\n    <div class=\"background-overlay grid-overlay-0 \" style=\"background-color: rgba(0,0,0,0);\"><\/div>\r\n\r\n    <div class=\"container\">\r\n        <div class=\"row vertical-top\">\r\n            <div class=\"col-md-6     text-default small-screen-default\"  ><div class=\" element-short-top element-short-bottom\" data-os-animation=\"none\" data-os-animation-delay=\"0s\">\r\n    <h3><strong>Make your business shine with every note taken! <\/strong><\/h3>\n<p>Give your clients, partners, or employees fully customized notepads featuring your logo and information. Practical, elegant, and always within reach, they become a simple and effective visibility tool to strengthen your brand image every day.<\/p>\n<p>The notepads come in a 6 x 4 format with 50 sheets and include your logo, address, phone number, and company email. You can change the format if you wish; our account managers will get back to you with the pricing for other sizes.<\/p>\n<p><strong>Order your personalized notepads today and turn every page into an opportunity to get noticed.<\/strong><\/p>\n<\/div><\/div><div class=\"col-md-6     text-default small-screen-default\"  ><div class=\"figure  element-short-top element-short-bottom image-filter-none image-filter-onhover fade-in text-center figcaption-middle normalwidth\" data-os-animation=\"none\" data-os-animation-delay=\"0s\">\r\n            <span class=\"figure-image\">\r\n    \r\n    <img decoding=\"async\" src=\"https:\/\/precigrafik.com\/wp-content\/uploads\/2026\/03\/blocnotepromo.png\"   class=\"normalwidth\" \/>    \r\n            <\/span>\r\n    \r\n<\/div><\/div>        <\/div>\r\n    <\/div>\r\n<\/section><section class=\"section swatch-white contact-offset section-text-no-shadow section-inner-no-shadow section-normal section-opaque\"  data-label=\"\">\r\n    \r\n    <div class=\"background-overlay grid-overlay-0 \" style=\"background-color: rgba(0,0,0,0);\"><\/div>\r\n\r\n    <div class=\"container-fullwidth\">\r\n        <div class=\"row vertical-top\">\r\n            <div class=\"col-md-12     text-default small-screen-default\"  ><div class=\" element-short-top element-short-bottom\" data-os-animation=\"none\" data-os-animation-delay=\"0s\">\r\n    <div class=\"preci-header form bg-preci-indigo\">\r\n            <div class=\"container\">\r\n            <div class=\"row\"  style=\"cursor:pointer;\"\">        <div class=\"col-md-6\">\r\n                    <div class=\"preci-titles col\">\r\n                        <h4 class=\"\"><\/h4>\r\n                        <h2 class=\"biggger\">PLACE YOUR ORDER<\/h2>\r\n                    <\/div>\r\n                    \r\n                <\/div>\r\n\t\t\t<\/a><div class=\"col-md-6\">\r\n                    <div class=\"preci-text col\" style=\"font-weight:bold;\">Notepad form\n<div class=\"wpcf7 no-js\" id=\"wpcf7-f12126-o1\" lang=\"en-US\" dir=\"ltr\" data-wpcf7-id=\"12126\">\n<div class=\"screen-reader-response\"><p role=\"status\" aria-live=\"polite\" aria-atomic=\"true\"><\/p> <ul><\/ul><\/div>\n<form action=\"\/en\/wp-json\/wp\/v2\/pages\/12125#wpcf7-f12126-o1\" method=\"post\" class=\"wpcf7-form init 6d4ac3f6aa8c cmatic-disconn cmatic-aud-13 cmatic-mapd0-0 cmatic-v0976 cmatic-sent-0 cmatic-total-0\" aria-label=\"Contact form\" novalidate=\"novalidate\" data-status=\"init\">\n<fieldset class=\"hidden-fields-container\"><input type=\"hidden\" name=\"_wpcf7\" value=\"12126\" \/><input type=\"hidden\" name=\"_wpcf7_version\" value=\"6.1.5\" \/><input type=\"hidden\" name=\"_wpcf7_locale\" value=\"en_US\" \/><input type=\"hidden\" name=\"_wpcf7_unit_tag\" value=\"wpcf7-f12126-o1\" \/><input type=\"hidden\" name=\"_wpcf7_container_post\" value=\"0\" \/><input type=\"hidden\" name=\"_wpcf7_posted_data_hash\" value=\"\" \/><input type=\"hidden\" name=\"_wpcf7cf_hidden_group_fields\" value=\"[]\" \/><input type=\"hidden\" name=\"_wpcf7cf_hidden_groups\" value=\"[]\" \/><input type=\"hidden\" name=\"_wpcf7cf_visible_groups\" value=\"[]\" \/><input type=\"hidden\" name=\"_wpcf7cf_repeaters\" value=\"[]\" \/><input type=\"hidden\" name=\"_wpcf7cf_steps\" value=\"{}\" \/><input type=\"hidden\" name=\"_wpcf7cf_options\" value=\"{&quot;form_id&quot;:12126,&quot;conditions&quot;:[],&quot;settings&quot;:{&quot;animation&quot;:&quot;yes&quot;,&quot;animation_intime&quot;:200,&quot;animation_outtime&quot;:200,&quot;conditions_ui&quot;:&quot;normal&quot;,&quot;notice_dismissed&quot;:false,&quot;notice_dismissed_rollback-cf7-5.5.6&quot;:true,&quot;notice_dismissed_update-cf7-5.7.3&quot;:true,&quot;notice_dismissed_update-cf7-5.7.6&quot;:true}}\" \/><input type=\"hidden\" name=\"_wpcf7_recaptcha_response\" value=\"\" \/>\n<\/fieldset>\n<div class=\"preci-form\">\n\n<label>Your Name?*<\/label>\n<span class=\"wpcf7-form-control-wrap\" data-name=\"your-name\"><input size=\"40\" maxlength=\"400\" class=\"wpcf7-form-control wpcf7-text wpcf7-validates-as-required\" aria-required=\"true\" aria-invalid=\"false\" placeholder=\"First Name \/ Last Name\" value=\"\" type=\"text\" name=\"your-name\" \/><\/span>\n\n<label>What are your contact details?*<\/label>\n<span class=\"wpcf7-form-control-wrap\" data-name=\"your-email\"><input size=\"40\" maxlength=\"400\" class=\"wpcf7-form-control wpcf7-email wpcf7-validates-as-required wpcf7-text wpcf7-validates-as-email\" aria-required=\"true\" aria-invalid=\"false\" placeholder=\"Email\" value=\"\" type=\"email\" name=\"your-email\" \/><\/span>\n<span class=\"wpcf7-form-control-wrap\" data-name=\"your-phone\"><input size=\"40\" maxlength=\"400\" class=\"wpcf7-form-control wpcf7-text\" aria-invalid=\"false\" placeholder=\"Phone\" value=\"\" type=\"text\" name=\"your-phone\" \/><\/span>\n<span class=\"wpcf7-form-control-wrap\" data-name=\"your-company\"><input size=\"40\" maxlength=\"400\" class=\"wpcf7-form-control wpcf7-text\" aria-invalid=\"false\" placeholder=\"Business Name\" value=\"\" type=\"text\" name=\"your-company\" \/><\/span>\n\n<label> Choose your format* <\/label>\n<span class=\"wpcf7-form-control-wrap\" data-name=\"select-252\"><select class=\"wpcf7-form-control wpcf7-select wpcf7-validates-as-required Format\" aria-required=\"true\" aria-invalid=\"false\" name=\"select-252\"><option value=\"6 X 4\">6 X 4<\/option><option value=\"5,5 X 8,5\">5,5 X 8,5<\/option><option value=\"8,5 X 11\">8,5 X 11<\/option><\/select><\/span>\n\n\n<label> Choose your quantity* <\/label>\n<span class=\"wpcf7-form-control-wrap\" data-name=\"select-219\"><select class=\"wpcf7-form-control wpcf7-select wpcf7-validates-as-required Quantite\" aria-required=\"true\" aria-invalid=\"false\" name=\"select-219\"><option value=\"50\">50<\/option><option value=\"250\">250<\/option><option value=\"500\">500<\/option><option value=\"1000\">1000<\/option><option value=\"2000\">2000<\/option><option value=\"3000\">3000<\/option><\/select><\/span>\n\n\n<label> Your message (optional)<\/label>\n    <span class=\"wpcf7-form-control-wrap\" data-name=\"your-message\"><textarea cols=\"40\" rows=\"10\" maxlength=\"2000\" class=\"wpcf7-form-control wpcf7-textarea\" aria-invalid=\"false\" name=\"your-message\"><\/textarea><\/span> \n\n<div class=\"wpcf7-response-output\" aria-hidden=\"true\"><\/div>\n<div class=\"wpcf7-response-output sending-message\" style=\"display:none;text-align:center;padding:10px;\">Sending, thank you for your patience.<\/div>\n<button id='submit' class='wpcf7-form-control wpcf7-submit preci-btn icon'>Send <svg version=\"1.1\" fill=\"#1E232D\" xmlns=\"http:\/\/www.w3.org\/2000\/svg\" xmlns:xlink=\"http:\/\/www.w3.org\/1999\/xlink\" x=\"0px\" y=\"0px\" viewBox=\"0 0 24 20\" style=\"enable-background:new 0 0 24 20;\" xml:space=\"preserve\">\n                   <polygon class=\"st0\" points=\"12.6,18.6 14,20 24,10 14,0 12.6,1.4 20.2,9 0,9 0,11 20.2,11 \"><\/polygon>\n                   <\/svg><\/button>\n\n<\/div>\n<script type=\"text\/javascript\">\njQuery('.wpcf7-submit').on('click',function(){\njQuery('.wpcf7-submit').hide();\njQuery('.sending-message').show();\n});\n\ndocument.addEventListener( 'wpcf7mailsent', function( event ) {\n    jQuery('.wpcf7-submit').hide();\n    jQuery('.sending-message').show();\n}, false );\n\ndocument.addEventListener( 'wpcf7mailfailed', function( event ) {\n    jQuery('.wpcf7-submit').show();\n    jQuery('.sending-message').hide();\n}, false );\n\ndocument.addEventListener( 'wpcf7invalid', function( event ) {\n    jQuery('.wpcf7-submit').show();\n    jQuery('.sending-message').hide();\n}, false );\n<\/script>\n<\/form>\n<\/div>\n<\/div>\r\n                <\/div><\/div><\/div><div id=\"startscroll\"><\/div>\n<\/div><\/div>        <\/div>\r\n    <\/div>\r\n<\/section><section class=\"section swatch-white  section-text-no-shadow section-inner-no-shadow section-normal section-opaque\"  data-label=\"\">\r\n    \r\n    <div class=\"background-overlay grid-overlay-0 \" style=\"background-color: rgba(0,0,0,0);\"><\/div>\r\n\r\n    <div class=\"container\">\r\n        <div class=\"row vertical-top\">\r\n            <div class=\"col-md-12     text-default small-screen-default os-animation\" data-os-animation=\"fadeInUp\" data-os-animation-delay=\"0s\" ><div class=\" element-short-top element-short-bottom\" data-os-animation=\"none\" data-os-animation-delay=\"0s\">\r\n    <div class=\"phone-box\"><div class=\"row\"><div class=\"col-md-6\"><h2 class=\"bigger\" style=\"letter-spacing:5px;font-size:50px\">1 800 294-0233<\/h2><a class=\"email\" href=\"mailto:\"><\/a><div><ul class=\"clearfix\"><li><img decoding=\"async\" src=\"https:\/\/precigrafik.com\/wp-content\/themes\/omega-child-theme\/img\/contact-map.png\" style=\"width: 30px;margin-bottom: 16px;margin-right: 10px\"\/><a href=\"http:\/\/goo.gl\/maps\/eAEJrinhuP52\" target=\"_blank\" style=\"font-size:19px;font-weight:bold;color:#999\">Sherbrooke<\/a><\/li><\/ul><\/div><\/div><\/div><\/div>\n<\/div><\/div><div class=\"col-md-12     text-default small-screen-default\"  >[vc_raw_js]JTNDc2NyaXB0JTNFJTBBJTBBZG9jdW1lbnQuYWRkRXZlbnRMaXN0ZW5lciUyOCUyMCUyN3dwY2Y3bWFpbHNlbnQlMjclMkMlMjBmdW5jdGlvbiUyOCUyMGV2ZW50JTIwJTI5JTIwJTdCJTBBJTBBJTIwJTIwJTIwJTIwbG9jYXRpb24lMjAlM0QlMjAlMjdodHRwcyUzQSUyRiUyRnByZWNpZ3JhZmlrLmNvbSUyRm1lcmNpJTJGJTI3JTNCJTBBJTBBJTdEJTJDJTIwZmFsc2UlMjAlMjklM0IlMEElMEElM0MlMkZzY3JpcHQlM0UlMEElMEElMjA=[\/vc_raw_js]<\/div>        <\/div>\r\n    <\/div>\r\n<\/section>\n","protected":false},"excerpt":{"rendered":"Make your business shine with every note taken! Give your clients, partners, or employees fully customized notepads featuring your logo and information. Practical, elegant, and always within reach, they become a simple and effective visibility tool to strengthen your brand image every day. The notepads come in a 6 x 4 format with 50 sheets","protected":false},"author":1,"featured_media":0,"parent":0,"menu_order":0,"comment_status":"closed","ping_status":"closed","template":"","meta":{"_monsterinsights_skip_tracking":false,"_monsterinsights_sitenote_active":false,"_monsterinsights_sitenote_note":"","_monsterinsights_sitenote_category":0,"footnotes":""},"class_list":["post-12125","page","type-page","status-publish","hentry"],"yoast_head":"<!-- This site is optimized with the Yoast SEO plugin v27.4 - https:\/\/yoast.com\/product\/yoast-seo-wordpress\/ -->\n<title>Notepad | Pr\u00e9cigrafik<\/title>\n<meta name=\"robots\" content=\"index, follow, max-snippet:-1, max-image-preview:large, max-video-preview:-1\" \/>\n<link rel=\"canonical\" href=\"https:\/\/precigrafik.com\/en\/notepad\/\" \/>\n<meta property=\"og:locale\" content=\"en_US\" \/>\n<meta property=\"og:type\" content=\"article\" \/>\n<meta property=\"og:title\" content=\"Notepad | Pr\u00e9cigrafik\" \/>\n<meta property=\"og:url\" content=\"https:\/\/precigrafik.com\/en\/notepad\/\" \/>\n<meta property=\"og:site_name\" content=\"Pr\u00e9cigrafik\" \/>\n<meta property=\"article:publisher\" content=\"https:\/\/www.facebook.com\/Precigrafik\" \/>\n<meta property=\"article:modified_time\" content=\"2026-03-04T14:29:13+00:00\" \/>\n<meta name=\"twitter:card\" content=\"summary_large_image\" \/>\n<meta name=\"twitter:label1\" content=\"Est. reading time\" \/>\n\t<meta name=\"twitter:data1\" content=\"1 minute\" \/>\n<script type=\"application\/ld+json\" class=\"yoast-schema-graph\">{\"@context\":\"https:\\\/\\\/schema.org\",\"@graph\":[{\"@type\":\"WebPage\",\"@id\":\"https:\\\/\\\/precigrafik.com\\\/en\\\/notepad\\\/\",\"url\":\"https:\\\/\\\/precigrafik.com\\\/en\\\/notepad\\\/\",\"name\":\"Notepad | Pr\u00e9cigrafik\",\"isPartOf\":{\"@id\":\"https:\\\/\\\/precigrafik.com\\\/#website\"},\"datePublished\":\"2026-03-04T14:29:11+00:00\",\"dateModified\":\"2026-03-04T14:29:13+00:00\",\"breadcrumb\":{\"@id\":\"https:\\\/\\\/precigrafik.com\\\/en\\\/notepad\\\/#breadcrumb\"},\"inLanguage\":\"en-US\",\"potentialAction\":[{\"@type\":\"ReadAction\",\"target\":[\"https:\\\/\\\/precigrafik.com\\\/en\\\/notepad\\\/\"]}]},{\"@type\":\"BreadcrumbList\",\"@id\":\"https:\\\/\\\/precigrafik.com\\\/en\\\/notepad\\\/#breadcrumb\",\"itemListElement\":[{\"@type\":\"ListItem\",\"position\":1,\"name\":\"Accueil\",\"item\":\"https:\\\/\\\/precigrafik.com\\\/en\\\/\"},{\"@type\":\"ListItem\",\"position\":2,\"name\":\"Notepad\"}]},{\"@type\":\"WebSite\",\"@id\":\"https:\\\/\\\/precigrafik.com\\\/#website\",\"url\":\"https:\\\/\\\/precigrafik.com\\\/\",\"name\":\"Pr\u00e9cigrafik\",\"description\":\"Strat\u00e9gies Imprim\u00e9es\",\"publisher\":{\"@id\":\"https:\\\/\\\/precigrafik.com\\\/#organization\"},\"potentialAction\":[{\"@type\":\"SearchAction\",\"target\":{\"@type\":\"EntryPoint\",\"urlTemplate\":\"https:\\\/\\\/precigrafik.com\\\/?s={search_term_string}\"},\"query-input\":{\"@type\":\"PropertyValueSpecification\",\"valueRequired\":true,\"valueName\":\"search_term_string\"}}],\"inLanguage\":\"en-US\"},{\"@type\":\"Organization\",\"@id\":\"https:\\\/\\\/precigrafik.com\\\/#organization\",\"name\":\"Pr\u00e9cigrafik\",\"url\":\"https:\\\/\\\/precigrafik.com\\\/\",\"logo\":{\"@type\":\"ImageObject\",\"inLanguage\":\"en-US\",\"@id\":\"https:\\\/\\\/precigrafik.com\\\/#\\\/schema\\\/logo\\\/image\\\/\",\"url\":\"https:\\\/\\\/i1.wp.com\\\/precigrafik.com\\\/wp-content\\\/uploads\\\/2022\\\/01\\\/LogoRVB_blank1000px.png?fit=1000%2C324&ssl=1\",\"contentUrl\":\"https:\\\/\\\/i1.wp.com\\\/precigrafik.com\\\/wp-content\\\/uploads\\\/2022\\\/01\\\/LogoRVB_blank1000px.png?fit=1000%2C324&ssl=1\",\"width\":1000,\"height\":324,\"caption\":\"Pr\u00e9cigrafik\"},\"image\":{\"@id\":\"https:\\\/\\\/precigrafik.com\\\/#\\\/schema\\\/logo\\\/image\\\/\"},\"sameAs\":[\"https:\\\/\\\/www.facebook.com\\\/Precigrafik\",\"https:\\\/\\\/www.instagram.com\\\/precigrafik\\\/\",\"https:\\\/\\\/www.linkedin.com\\\/company\\\/861295\\\/admin\\\/\",\"https:\\\/\\\/www.youtube.com\\\/channel\\\/UCTohA0AYDU_Gb_GB0omuGrg\"]}]}<\/script>\n<!-- \/ Yoast SEO plugin. -->","yoast_head_json":{"title":"Notepad | Pr\u00e9cigrafik","robots":{"index":"index","follow":"follow","max-snippet":"max-snippet:-1","max-image-preview":"max-image-preview:large","max-video-preview":"max-video-preview:-1"},"canonical":"https:\/\/precigrafik.com\/en\/notepad\/","og_locale":"en_US","og_type":"article","og_title":"Notepad | Pr\u00e9cigrafik","og_url":"https:\/\/precigrafik.com\/en\/notepad\/","og_site_name":"Pr\u00e9cigrafik","article_publisher":"https:\/\/www.facebook.com\/Precigrafik","article_modified_time":"2026-03-04T14:29:13+00:00","twitter_card":"summary_large_image","twitter_misc":{"Est. reading time":"1 minute"},"schema":{"@context":"https:\/\/schema.org","@graph":[{"@type":"WebPage","@id":"https:\/\/precigrafik.com\/en\/notepad\/","url":"https:\/\/precigrafik.com\/en\/notepad\/","name":"Notepad | Pr\u00e9cigrafik","isPartOf":{"@id":"https:\/\/precigrafik.com\/#website"},"datePublished":"2026-03-04T14:29:11+00:00","dateModified":"2026-03-04T14:29:13+00:00","breadcrumb":{"@id":"https:\/\/precigrafik.com\/en\/notepad\/#breadcrumb"},"inLanguage":"en-US","potentialAction":[{"@type":"ReadAction","target":["https:\/\/precigrafik.com\/en\/notepad\/"]}]},{"@type":"BreadcrumbList","@id":"https:\/\/precigrafik.com\/en\/notepad\/#breadcrumb","itemListElement":[{"@type":"ListItem","position":1,"name":"Accueil","item":"https:\/\/precigrafik.com\/en\/"},{"@type":"ListItem","position":2,"name":"Notepad"}]},{"@type":"WebSite","@id":"https:\/\/precigrafik.com\/#website","url":"https:\/\/precigrafik.com\/","name":"Pr\u00e9cigrafik","description":"Strat\u00e9gies Imprim\u00e9es","publisher":{"@id":"https:\/\/precigrafik.com\/#organization"},"potentialAction":[{"@type":"SearchAction","target":{"@type":"EntryPoint","urlTemplate":"https:\/\/precigrafik.com\/?s={search_term_string}"},"query-input":{"@type":"PropertyValueSpecification","valueRequired":true,"valueName":"search_term_string"}}],"inLanguage":"en-US"},{"@type":"Organization","@id":"https:\/\/precigrafik.com\/#organization","name":"Pr\u00e9cigrafik","url":"https:\/\/precigrafik.com\/","logo":{"@type":"ImageObject","inLanguage":"en-US","@id":"https:\/\/precigrafik.com\/#\/schema\/logo\/image\/","url":"https:\/\/i1.wp.com\/precigrafik.com\/wp-content\/uploads\/2022\/01\/LogoRVB_blank1000px.png?fit=1000%2C324&ssl=1","contentUrl":"https:\/\/i1.wp.com\/precigrafik.com\/wp-content\/uploads\/2022\/01\/LogoRVB_blank1000px.png?fit=1000%2C324&ssl=1","width":1000,"height":324,"caption":"Pr\u00e9cigrafik"},"image":{"@id":"https:\/\/precigrafik.com\/#\/schema\/logo\/image\/"},"sameAs":["https:\/\/www.facebook.com\/Precigrafik","https:\/\/www.instagram.com\/precigrafik\/","https:\/\/www.linkedin.com\/company\/861295\/admin\/","https:\/\/www.youtube.com\/channel\/UCTohA0AYDU_Gb_GB0omuGrg"]}]}},"_links":{"self":[{"href":"https:\/\/precigrafik.com\/en\/wp-json\/wp\/v2\/pages\/12125","targetHints":{"allow":["GET"]}}],"collection":[{"href":"https:\/\/precigrafik.com\/en\/wp-json\/wp\/v2\/pages"}],"about":[{"href":"https:\/\/precigrafik.com\/en\/wp-json\/wp\/v2\/types\/page"}],"author":[{"embeddable":true,"href":"https:\/\/precigrafik.com\/en\/wp-json\/wp\/v2\/users\/1"}],"replies":[{"embeddable":true,"href":"https:\/\/precigrafik.com\/en\/wp-json\/wp\/v2\/comments?post=12125"}],"version-history":[{"count":2,"href":"https:\/\/precigrafik.com\/en\/wp-json\/wp\/v2\/pages\/12125\/revisions"}],"predecessor-version":[{"id":12128,"href":"https:\/\/precigrafik.com\/en\/wp-json\/wp\/v2\/pages\/12125\/revisions\/12128"}],"wp:attachment":[{"href":"https:\/\/precigrafik.com\/en\/wp-json\/wp\/v2\/media?parent=12125"}],"curies":[{"name":"wp","href":"https:\/\/api.w.org\/{rel}","templated":true}]}}